{"id":2429,"date":"2020-06-15T21:40:24","date_gmt":"2020-06-15T21:40:24","guid":{"rendered":"https:\/\/linguaexpress.md\/traducerea-notariala\/"},"modified":"2024-03-14T19:02:38","modified_gmt":"2024-03-14T19:02:38","slug":"traducerea-notariala","status":"publish","type":"page","link":"https:\/\/linguaexpress.md\/ro\/traducerea-notariala\/","title":{"rendered":"Traducerea notarial\u0103"},"content":{"rendered":"\t\t<div data-elementor-type=\"wp-page\" data-elementor-id=\"2429\" class=\"elementor elementor-2429 elementor-1227\">\n\t\t\t\t\t\t<div class=\"elementor-inner\">\n\t\t\t\t<div class=\"elementor-section-wrap\">\n\t\t\t\t\t\t\t\t\t<section class=\"wd-negative-gap elementor-section elementor-top-section elementor-element elementor-element-54b925c elementor-section-boxed elementor-section-height-default elementor-section-height-default wd-section-disabled\" data-id=\"54b925c\" data-element_type=\"section\">\n\t\t\t\t\t\t<div class=\"elementor-container elementor-column-gap-default\">\n\t\t\t\t\t\t\t<div class=\"elementor-row\">\n\t\t\t\t\t<div class=\"elementor-column elementor-col-50 elementor-top-column elementor-element elementor-element-e102d68\" data-id=\"e102d68\" data-element_type=\"column\">\n\t\t\t<div class=\"elementor-column-wrap elementor-element-populated\">\n\t\t\t\t\t\t\t<div class=\"elementor-widget-wrap\">\n\t\t\t\t\t\t<div class=\"elementor-element elementor-element-89e3187 elementor-widget elementor-widget-wd_title\" data-id=\"89e3187\" data-element_type=\"widget\" data-widget_type=\"wd_title.default\">\n\t\t\t\t<div class=\"elementor-widget-container\">\n\t\t\t\t\t\t<link rel=\"stylesheet\" id=\"wd-section-title-css\" href=\"https:\/\/linguaexpress.md\/wp-content\/themes\/woodmart\/css\/parts\/el-section-title.min.css?ver=7.1.3\" type=\"text\/css\" media=\"all\" \/> \t\t\t\t\t<div class=\"title-wrapper set-mb-s reset-last-child wd-title-color-default wd-title-style-default wd-title-size-default text-center\">\n\n\t\t\t\n\t\t\t<div class=\"liner-continer\">\n\t\t\t\t<h2 class=\"woodmart-title-container title wd-fontsize-l\">Traducerea documentelor \u0219i textelor<\/h2> \n\t\t\t\t\t\t\t<\/div>\n\n\t\t\t\t\t<\/div>\n\t\t\t\t<\/div>\n\t\t\t\t<\/div>\n\t\t\t\t<div class=\"elementor-element elementor-element-141a7af color-scheme-inherit text-left elementor-widget elementor-widget-text-editor\" data-id=\"141a7af\" data-element_type=\"widget\" data-widget_type=\"text-editor.default\">\n\t\t\t\t<div class=\"elementor-widget-container\">\n\t\t\t\t\t\t\t\t<div class=\"elementor-text-editor elementor-clearfix\">\n\t\t\t\t<div id=\"pl-1234\" class=\"panel-layout\">\n<div id=\"pg-1234-0\" class=\"panel-grid panel-no-style\" data-style=\"{\"background_image_attachment\":false,\"background_display\":\"tile\",\"cell_alignment\":\"flex-start\"}\" data-ratio=\"1\" data-ratio-direction=\"right\">\n<div id=\"pgc-1234-0-0\" class=\"panel-grid-cell\" data-weight=\"1\">\n<div id=\"panel-1234-0-0-0\" class=\"so-panel widget widget_text panel-first-child panel-last-child\" data-index=\"0\" data-style=\"{\"background_image_attachment\":false,\"background_display\":\"tile\",\"font_color\":\"#4b4f5b\"}\">\n<div class=\"flash_inherit_color panel-widget-style panel-widget-style-for-1234-0-0-0\">\n<div class=\"textwidget\">\n<p>At\u00e2t clien\u021bii corporativi, c\u00e2t \u0219i persoanele fizice pot comanda efectuarea \u0219i legalizarea notarial\u0103 a documentelor traduse la biroul nostru de traduceri \u201eLingua Express\u201d. Noi conlucr\u0103m cu to\u021bi notarii din ora\u0219ul Comrat. Mai mult dec\u00e2t at\u00e2t, unul din notari \u00ee\u0219i are oficiul \u00eentr-o cl\u0103dire cu biroul nostru.<\/p>\n<p>Legalizarea notarial\u0103 a documentului \u00eenseamn\u0103 procesul de conferire acestuia a for\u021bei juridice pe tot teritoriul Republicii Moldova. Diferite documente pot fi legalizate notarial.<\/p>\n<p>De cele mai dese ori parvin solicit\u0103ri de a legaliza notarial traducerile unor astfel de acte ca: buletinele de identitate, pa\u0219apoarte, certificate, procuri, diplome, permise de conducere, adeverin\u021be, carnete de munc\u0103, extrase, statute, contracte private \u0219i corporative, etc.<\/p>\n<p>Traducerile legalizate notarial ale documentelor pot fi necesare persoanelor la mutarea \u00eentr-un alt stat, plecarea la lucru sau la studii peste hotare, dob\u00e2ndirea sau schimbarea cet\u0103\u021beniei unui alt stat sau pentru ob\u021binerea permisului de \u0219edere. Adesea ele sunt solicitate \u0219i pentru perfectarea vizei, achizi\u021bia bunurilor imobile peste hotare, etc.<\/p>\n<p><strong>Legalizarea notarial\u0103 a documentelor enumerate poate fi efectuat\u0103 f\u0103r\u0103 prezen\u021ba nemijlocit\u0103 a clientului. Nu e necesar ca dvs. s\u0103 veni\u021bi personal la notar \u0219i s\u0103 sta\u021bi ore \u00een \u0219ir \u00een r\u00e2nd. Noi vom economisi for\u021bele \u0219i timpul dvs. Legalizarea semn\u0103turii traduc\u0103torului este efectuat\u0103 de colaboratorii no\u0219tri.<\/strong><\/p>\n<\/div>\n<\/div>\n<\/div>\n<\/div>\n<\/div>\n<\/div>\n\t\t\t\t\t<\/div>\n\t\t\t\t\t\t<\/div>\n\t\t\t\t<\/div>\n\t\t\t\t<div class=\"elementor-element elementor-element-137ff46 elementor-align-center itm-buttonz elementor-widget elementor-widget-button\" data-id=\"137ff46\" data-element_type=\"widget\" data-widget_type=\"button.default\">\n\t\t\t\t<div class=\"elementor-widget-container\">\n\t\t\t\t\t<div class=\"elementor-button-wrapper\">\n\t\t\t<a href=\"tel:+37379773270\" class=\"elementor-button-link elementor-button elementor-size-sm\" role=\"button\">\n\t\t\t\t\t\t<span class=\"elementor-button-content-wrapper\">\n\t\t\t\t\t\t<span class=\"elementor-button-text\">Contacta\u0163i-ne<\/span>\n\t\t<\/span>\n\t\t\t\t\t<\/a>\n\t\t<\/div>\n\t\t\t\t<\/div>\n\t\t\t\t<\/div>\n\t\t\t\t\t\t<\/div>\n\t\t\t\t\t<\/div>\n\t\t<\/div>\n\t\t\t\t<div class=\"elementor-column elementor-col-50 elementor-top-column elementor-element elementor-element-d11e0c9\" data-id=\"d11e0c9\" data-element_type=\"column\">\n\t\t\t<div class=\"elementor-column-wrap elementor-element-populated\">\n\t\t\t\t\t\t\t<div class=\"elementor-widget-wrap\">\n\t\t\t\t\t\t<div class=\"elementor-element elementor-element-f02c806 elementor-widget elementor-widget-wd_image_or_svg\" data-id=\"f02c806\" data-element_type=\"widget\" data-widget_type=\"wd_image_or_svg.default\">\n\t\t\t\t<div class=\"elementor-widget-container\">\n\t\t\t\n\t\t<div class=\"wd-image text-left\">\n\t\t\t\t\t\t\t\t<img width=\"1024\" height=\"1024\" src=\"https:\/\/linguaexpress.md\/wp-content\/uploads\/2023\/02\/DeniksD_photorealistic_pen_singning_documents_36257cf4-cff2-4f4a-964d-81594cfa6d16-1.png\" class=\"attachment-full size-full wp-image-1546\" alt=\"\" decoding=\"async\" loading=\"lazy\" srcset=\"https:\/\/linguaexpress.md\/wp-content\/uploads\/2023\/02\/DeniksD_photorealistic_pen_singning_documents_36257cf4-cff2-4f4a-964d-81594cfa6d16-1.png 1024w, https:\/\/linguaexpress.md\/wp-content\/uploads\/2023\/02\/DeniksD_photorealistic_pen_singning_documents_36257cf4-cff2-4f4a-964d-81594cfa6d16-1-300x300.png 300w, https:\/\/linguaexpress.md\/wp-content\/uploads\/2023\/02\/DeniksD_photorealistic_pen_singning_documents_36257cf4-cff2-4f4a-964d-81594cfa6d16-1-150x150.png 150w, https:\/\/linguaexpress.md\/wp-content\/uploads\/2023\/02\/DeniksD_photorealistic_pen_singning_documents_36257cf4-cff2-4f4a-964d-81594cfa6d16-1-768x768.png 768w\" sizes=\"(max-width: 1024px) 100vw, 1024px\" \/>\t\t\t\t\t<\/div>\n\n\t\t\t\t<\/div>\n\t\t\t\t<\/div>\n\t\t\t\t\t\t<\/div>\n\t\t\t\t\t<\/div>\n\t\t<\/div>\n\t\t\t\t\t\t\t\t<\/div>\n\t\t\t\t\t<\/div>\n\t\t<\/section>\n\t\t\t\t<section class=\"wd-negative-gap elementor-section elementor-top-section elementor-element elementor-element-d8c4984 elementor-section-boxed elementor-section-height-default elementor-section-height-default wd-section-disabled\" data-id=\"d8c4984\" data-element_type=\"section\">\n\t\t\t\t\t\t<div class=\"elementor-container elementor-column-gap-default\">\n\t\t\t\t\t\t\t<div class=\"elementor-row\">\n\t\t\t\t\t<div class=\"elementor-column elementor-col-100 elementor-top-column elementor-element elementor-element-c4d1608\" data-id=\"c4d1608\" data-element_type=\"column\">\n\t\t\t<div class=\"elementor-column-wrap elementor-element-populated\">\n\t\t\t\t\t\t\t<div class=\"elementor-widget-wrap\">\n\t\t\t\t\t\t<div class=\"elementor-element elementor-element-980e7f0 color-scheme-inherit text-left elementor-widget elementor-widget-text-editor\" data-id=\"980e7f0\" data-element_type=\"widget\" data-widget_type=\"text-editor.default\">\n\t\t\t\t<div class=\"elementor-widget-container\">\n\t\t\t\t\t\t\t\t<div class=\"elementor-text-editor elementor-clearfix\">\n\t\t\t\t<h1><b>Traduceri<\/b><b>legalizate notarial<\/b><b>\u00een Moldova<\/b><\/h1>\n<p><span style=\"font-weight: 400;\">Ast\u0103zi, c\u00e2nd frontierele dintre \u021b\u0103ri nu reprezint\u0103 obstacole \u00een comunicarea interna\u021bional\u0103,<\/span><span style=\"font-weight: 400;\">traducerea documentelor cu autentificare notarial\u0103<\/span><span style=\"font-weight: 400;\"> joac\u0103 un rol important \u00een men\u021binerea preciziei \u0219i legalit\u0103\u021bii traducerii.<\/span><span style=\"font-weight: 400;\">&nbsp;<\/span><\/p>\n<p><span style=\"font-weight: 400;\">\u00cen acest articol,<\/span><span style=\"font-weight: 400;\"> vom examina<\/span><b> modul \u00een care birou de traduceri LinguaExpress <\/b><span style=\"font-weight: 400;\">realizeaz\u0103 traduceri <\/span><span style=\"font-weight: 400;\">legalizate notarial.<\/span><span style=\"font-weight: 400;\">. , vom explica conceptul de traducere notarial\u0103 \u0219i vom descrie importan\u021ba acesteia \u00een contextul juridic.<\/span><\/p>\n<p><b>Ce sunt <\/b><b>traduceri legalizate notarial<\/b><b>?<\/b><\/p>\n<p><span style=\"font-weight: 400;\">Traduceri legalizate notarial<\/span><span style=\"font-weight: 400;\"> sunt traduceri ale documentelor realizate de un specialist calificat \u0219i autentificate de un notar. Acest proces garanteaz\u0103 c\u0103 traducerea reflect\u0103 exact con\u021binutul originalului \u0219i are un statut oficial.<\/span> <span style=\"font-weight: 400;\"> Traducerea notarial\u0103 <\/span><span style=\"font-weight: 400;\"> confer\u0103 documentului putere juridic\u0103 \u0219i permite s\u0103 fie utilizat \u00een procese judiciare, probleme de migra\u021bie, opera\u021biuni bancare \u0219i alte proceduri oficiale.<\/span><\/p>\n<p><b>Calitatea traducerii:<\/b><\/p>\n<p><span style=\"font-weight: 400;\">Echipa biroului de traduceri <\/span><b> LinguaExpress<\/b><span style=\"font-weight: 400;\"> \u00een\u021belege importan\u021ba traducerii de \u00eenalt\u0103 calitate. Traduc\u0103torii no\u0219tri sunt speciali\u0219ti cu ampl\u0103 experien\u021b\u0103 \u00een diferite domenii, inclusiv \u00een domeniul juridic. Ace\u0219tia nu de\u021bin doar abilit\u0103\u021bi lingvistice, ci \u0219i \u00een\u021belegerea tehnic\u0103 a specificului documentelor traduse. Verific\u0103m cu aten\u021bie fiecare traducere pentru a garanta precizia acesteia, conformitatea stilistic\u0103 \u0219i respectarea documentului original.<\/span><\/p>\n<p><b>Recunoa\u0219terea legal\u0103:<\/b><\/p>\n<p><span style=\"font-weight: 400;\">Documentele traduse cu autentificare notarial\u0103 au un statut \u00eenalt de recunoa\u0219tere juridic\u0103. Acest lucru \u00eenseamn\u0103 c\u0103 traducerile respective pot fi utilizate \u00een toate institu\u021biile oficiale, inclusiv institu\u021bii guvernamentale, tribunale, servicii de migra\u021bie \u0219i b\u0103nci. Prin autentificarea traducerii, notarul atest\u0103 corectitudinea \u0219i conformitatea acesteia cu originalul. Acest lucru confer\u0103 documentului putere probatorie \u0219i confirm\u0103 legalitatea acestuia \u00een fa\u021ba legisla\u021biei.<\/span><\/p>\n<p><b>Procesul <\/b><b>de traducere notarial\u0103<\/b><b>:<\/b><\/p>\n<p><span style=\"font-weight: 400;\">C\u00e2nd un client se adreseaz\u0103 <\/span><span style=\"font-weight: 400;\">la birou de traduceri<\/span> <b>Lingua Express<\/b><span style=\"font-weight: 400;\"> pentru o traducerea documentelor, \u00eentreprindem urm\u0103torii pa\u0219i:<\/span><\/p>\n<p><b>\u0430) <\/b><span style=\"font-weight: 400;\">Primirea documentului: Clientul ne furnizeaz\u0103 documentele originale sau copii autentificate notarial ale documentelor care trebuie traduse.<\/span><\/p>\n<p><b>b)<\/b><span style=\"font-weight: 400;\"> Traduc\u0103tor profesionist: Select\u0103m un traduc\u0103tor experimentat, ale c\u0103rui abilit\u0103\u021bi se potrivesc cel mai bine pentru traducerea acestui tip de documente.<\/span><\/p>\n<p><b>c)<\/b> <span style=\"font-weight: 400;\">Traducerea \u0219i editarea:<\/span><span style=\"font-weight: 400;\"> Specialistul realizeaz\u0103 o traducere calitativ\u0103, care apoi este editat\u0103 \u0219i verificat\u0103 \u00een privin\u021ba preciziei \u0219i conformit\u0103\u021bii cu originalul.<\/span><\/p>\n<p><span style=\"font-weight: 400;\"><strong>d)<\/strong> Autentificarea notarial\u0103: Dup\u0103 editare, traducerea este prezentat\u0103 notarului, care o autentific\u0103, confirm\u00e2nd astfel corectitudinea \u0219i conformitatea cu originalul.<\/span><\/p>\n<p><span style=\"font-weight: 400;\"><strong>e)<\/strong> Returnarea documentelor c\u0103tre client: Dup\u0103 finalizarea traducerii notariale, return\u0103m clientului documentele traduse, care acum au recunoa\u0219tere legal\u0103 oficial\u0103.<\/span><\/p>\n<p><span style=\"font-weight: 400;\">Birou<\/span><span style=\"font-weight: 400;\">de traduceri<\/span><span style=\"font-weight: 400;\"> Lingua Express \u00een\u021belege importan\u021ba traducerii documentelor cu autentificare notarial\u0103 \u0219i ofer\u0103 servicii profesionale cu garan\u021bia calit\u0103\u021bii \u0219i preciziei. Traduc\u0103torii \u0219i notarii no\u0219tri califica\u021bi lucreaz\u0103 \u00eempreun\u0103 pentru a asigura recunoa\u0219terea legal\u0103 a traducerii \u0219i satisfacerea nevoilor clien\u021bilor no\u0219tri. Dac\u0103 ave\u021bi nevoie <\/span><span style=\"font-weight: 400;\">de traduceri legalizate notarial,<\/span><span style=\"font-weight: 400;\">contacta\u021bi <\/span><span style=\"font-weight: 400;\">biroul nostru,<\/span><span style=\"font-weight: 400;\">iar noi v\u0103 vom ajuta \u00een acest proces.<\/span><\/p>\t\t\t\t\t<\/div>\n\t\t\t\t\t\t<\/div>\n\t\t\t\t<\/div>\n\t\t\t\t\t\t<\/div>\n\t\t\t\t\t<\/div>\n\t\t<\/div>\n\t\t\t\t\t\t\t\t<\/div>\n\t\t\t\t\t<\/div>\n\t\t<\/section>\n\t\t\t\t<section class=\"wd-negative-gap elementor-section elementor-top-section elementor-element elementor-element-5958cab elementor-section-boxed elementor-section-height-default elementor-section-height-default wd-section-disabled\" data-id=\"5958cab\" data-element_type=\"section\">\n\t\t\t\t\t\t<div class=\"elementor-container elementor-column-gap-default\">\n\t\t\t\t\t\t\t<div class=\"elementor-row\">\n\t\t\t\t\t<div class=\"elementor-column elementor-col-50 elementor-top-column elementor-element elementor-element-33c17fc\" data-id=\"33c17fc\" data-element_type=\"column\">\n\t\t\t<div class=\"elementor-column-wrap elementor-element-populated\">\n\t\t\t\t\t\t\t<div class=\"elementor-widget-wrap\">\n\t\t\t\t\t\t<div class=\"elementor-element elementor-element-7f8caa2 elementor-widget elementor-widget-wd_text_block\" data-id=\"7f8caa2\" data-element_type=\"widget\" data-widget_type=\"wd_text_block.default\">\n\t\t\t\t<div class=\"elementor-widget-container\">\n\t\t\t\t\t\t<link rel=\"stylesheet\" id=\"wd-text-block-css\" href=\"https:\/\/linguaexpress.md\/wp-content\/themes\/woodmart\/css\/parts\/el-text-block.min.css?ver=7.1.3\" type=\"text\/css\" media=\"all\" \/> \t\t\t\t\t<div class=\"wd-text-block reset-last-child text-left\">\n\t\t\t\n\t\t\t<h2>Biroul de traduceri \u201eLingua Express\u201d<\/h2>\n\t\t\t\t\t<\/div>\n\t\t\t\t<\/div>\n\t\t\t\t<\/div>\n\t\t\t\t<div class=\"elementor-element elementor-element-8a9fbf8 elementor-widget elementor-widget-wd_text_block\" data-id=\"8a9fbf8\" data-element_type=\"widget\" data-widget_type=\"wd_text_block.default\">\n\t\t\t\t<div class=\"elementor-widget-container\">\n\t\t\t\t\t<div class=\"wd-text-block reset-last-child text-left\">\n\t\t\t\n\t\t\t<p>Prest\u0103m servicii de traduceri scrise ale documentelor \u0219i textelor pe diferite tematici. De asemenea, efectu\u0103m legalizarea notarial\u0103 a traducerilor \u0219i apostilarea documentelor. Profesionalismul \u0219i receptivitatea colaboratorilor biroului \u201eLingua Express\u201d, politica flexibil\u0103 de pre\u021buri, abordarea individual\u0103 \u0219i solu\u021bionarea celor mai dificile sarcini sunt acele calit\u0103\u021bi, care garanteaz\u0103 clien\u021bilor no\u0219tri o deservire confortabil\u0103 \u0219i un rezultat calitativ.<\/p><p>Traduc\u0103torii companiei lucreaz\u0103 cu texte din domeniul juridic, economic, tehnic \u0219i medical. Nivelul \u0219i calitatea traducerilor efectuate sunt confirmate prin colaborarea noastr\u0103 permanent\u0103 cu \u00eentreprinderile agricole \u0219i industriale mari din regiune, cu organele de stat \u0219i institu\u021biile medicale.<\/p><p>De asemenea consult\u0103m gratis cet\u0103\u021benii privind preg\u0103tirea diferitor tipuri de documente pentru cet\u0103\u021beni, necesare pentru ob\u021binerea permisului de \u0219edere, a cet\u0103\u021beniei sau \u00eencheierii c\u0103s\u0103toriei. Documentele perfectate cu ajutorul nostru vor corespunde tuturor cerin\u021belor organelor de stat ale Federa\u021biei Ruse, Bulgariei, Rom\u00e2niei, Turciei, Italiei, etc.<\/p>\n\t\t\t\t\t<\/div>\n\t\t\t\t<\/div>\n\t\t\t\t<\/div>\n\t\t\t\t\t\t<\/div>\n\t\t\t\t\t<\/div>\n\t\t<\/div>\n\t\t\t\t<div class=\"elementor-column elementor-col-50 elementor-top-column elementor-element elementor-element-3dd5bd9\" data-id=\"3dd5bd9\" data-element_type=\"column\">\n\t\t\t<div class=\"elementor-column-wrap elementor-element-populated\">\n\t\t\t\t\t\t\t<div class=\"elementor-widget-wrap\">\n\t\t\t\t\t\t<div class=\"elementor-element elementor-element-1a7f5d5 elementor-widget elementor-widget-wd_text_block\" data-id=\"1a7f5d5\" data-element_type=\"widget\" data-widget_type=\"wd_text_block.default\">\n\t\t\t\t<div class=\"elementor-widget-container\">\n\t\t\t\t\t<div class=\"wd-text-block reset-last-child text-left\">\n\t\t\t\n\t\t\t<h2>L\u0103sa\u021bi-ne o cerere.<\/h2>\n\t\t\t\t\t<\/div>\n\t\t\t\t<\/div>\n\t\t\t\t<\/div>\n\t\t\t\t<div class=\"elementor-element elementor-element-46b688c elementor-widget elementor-widget-wd_text_block\" data-id=\"46b688c\" data-element_type=\"widget\" data-widget_type=\"wd_text_block.default\">\n\t\t\t\t<div class=\"elementor-widget-container\">\n\t\t\t\t\t<div class=\"wd-text-block reset-last-child text-left\">\n\t\t\t\n\t\t\t<h4>Managerii no\u0219tri vor lua leg\u0103tura cu dumneavoastr\u0103 \u00een cel mai scurt timp!<\/h4>\n\t\t\t\t\t<\/div>\n\t\t\t\t<\/div>\n\t\t\t\t<\/div>\n\t\t\t\t<div class=\"elementor-element elementor-element-1d2fae8 itm-formm elementor-widget elementor-widget-shortcode\" data-id=\"1d2fae8\" data-element_type=\"widget\" data-widget_type=\"shortcode.default\">\n\t\t\t\t<div class=\"elementor-widget-container\">\n\t\t\t\t\t<div class=\"elementor-shortcode\">\n<div class=\"wpcf7 no-js\" id=\"wpcf7-f1579-o1\" lang=\"ru-RU\" dir=\"ltr\">\n<div class=\"screen-reader-response\"><p role=\"status\" aria-live=\"polite\" aria-atomic=\"true\"><\/p> <ul><\/ul><\/div>\n<form action=\"\/ro\/wp-json\/wp\/v2\/pages\/2429#wpcf7-f1579-o1\" method=\"post\" class=\"wpcf7-form init\" aria-label=\"\u041a\u043e\u043d\u0442\u0430\u043a\u0442\u043d\u0430\u044f \u0444\u043e\u0440\u043c\u0430\" novalidate=\"novalidate\" data-status=\"init\">\n<div style=\"display: none;\">\n<input type=\"hidden\" name=\"_wpcf7\" value=\"1579\" \/>\n<input type=\"hidden\" name=\"_wpcf7_version\" value=\"5.7.4\" \/>\n<input type=\"hidden\" name=\"_wpcf7_locale\" value=\"ru_RU\" \/>\n<input type=\"hidden\" name=\"_wpcf7_unit_tag\" value=\"wpcf7-f1579-o1\" \/>\n<input type=\"hidden\" name=\"_wpcf7_container_post\" value=\"0\" \/>\n<input type=\"hidden\" name=\"_wpcf7_posted_data_hash\" value=\"\" \/>\n<\/div>\n<div class=\"itm-form\">\n\t<p><span class=\"wpcf7-form-control-wrap\" data-name=\"your-name\"><input size=\"40\" class=\"wpcf7-form-control wpcf7-text\" autocomplete=\"name\" aria-invalid=\"false\" placeholder=\"\u0412\u0430\u0448\u0435 \u0438\u043c\u044f\" value=\"\" type=\"text\" name=\"your-name\" \/><\/span>\n\t<\/p>\n\t<p><span class=\"wpcf7-form-control-wrap\" data-name=\"tel-248\"><input size=\"40\" class=\"wpcf7-form-control wpcf7-text wpcf7-tel wpcf7-validates-as-required wpcf7-validates-as-tel\" aria-required=\"true\" aria-invalid=\"false\" placeholder=\"\u0412\u0430\u0448 \u0442\u0435\u043b\u0435\u0444\u043e\u043d\" value=\"\" type=\"tel\" name=\"tel-248\" \/><\/span>\n\t<\/p>\n\t<p><span class=\"wpcf7-form-control-wrap\" data-name=\"your-email\"><input size=\"40\" class=\"wpcf7-form-control wpcf7-text wpcf7-email wpcf7-validates-as-email\" autocomplete=\"email\" aria-invalid=\"false\" placeholder=\"\u0412\u0430\u0448 e-mail\" value=\"\" type=\"email\" name=\"your-email\" \/><\/span>\n\t<\/p>\n\t<p><span class=\"wpcf7-form-control-wrap\" data-name=\"your-message\"><textarea cols=\"40\" rows=\"10\" class=\"wpcf7-form-control wpcf7-textarea\" aria-invalid=\"false\" placeholder=\"\u0412\u0430\u0448\u0435 \u0441\u043e\u043e\u0431\u0449\u0435\u043d\u0438\u0435 (\u043d\u0435 \u043e\u0431\u044f\u0437\u0430\u0442\u0435\u043b\u044c\u043d\u043e)\" name=\"your-message\"><\/textarea><\/span>\n\t<\/p>\n\t<p><input class=\"wpcf7-form-control has-spinner wpcf7-submit\" type=\"submit\" value=\"\u041e\u0442\u043f\u0440\u0430\u0432\u0438\u0442\u044c\" \/>\n\t<\/p>\n<\/div><div class=\"wpcf7-response-output\" aria-hidden=\"true\"><\/div>\n<\/form>\n<\/div>\n<\/div>\n\t\t\t\t<\/div>\n\t\t\t\t<\/div>\n\t\t\t\t\t\t<\/div>\n\t\t\t\t\t<\/div>\n\t\t<\/div>\n\t\t\t\t\t\t\t\t<\/div>\n\t\t\t\t\t<\/div>\n\t\t<\/section>\n\t\t\t\t\t\t\t\t\t<\/div>\n\t\t\t<\/div>\n\t\t\t\t\t<\/div>\n\t\t","protected":false},"excerpt":{"rendered":"<p>Traducerea documentelor \u0219i textelor At\u00e2t clien\u021bii corporativi, c\u00e2t \u0219i persoanele fizice pot comanda efectuarea \u0219i legalizarea notarial\u0103 a documentelor traduse<\/p>\n","protected":false},"author":1,"featured_media":0,"parent":0,"menu_order":0,"comment_status":"closed","ping_status":"closed","template":"","meta":{"_mi_skip_tracking":false},"aioseo_notices":[],"_links":{"self":[{"href":"https:\/\/linguaexpress.md\/ro\/wp-json\/wp\/v2\/pages\/2429"}],"collection":[{"href":"https:\/\/linguaexpress.md\/ro\/wp-json\/wp\/v2\/pages"}],"about":[{"href":"https:\/\/linguaexpress.md\/ro\/wp-json\/wp\/v2\/types\/page"}],"author":[{"embeddable":true,"href":"https:\/\/linguaexpress.md\/ro\/wp-json\/wp\/v2\/users\/1"}],"replies":[{"embeddable":true,"href":"https:\/\/linguaexpress.md\/ro\/wp-json\/wp\/v2\/comments?post=2429"}],"version-history":[{"count":1,"href":"https:\/\/linguaexpress.md\/ro\/wp-json\/wp\/v2\/pages\/2429\/revisions"}],"predecessor-version":[{"id":2430,"href":"https:\/\/linguaexpress.md\/ro\/wp-json\/wp\/v2\/pages\/2429\/revisions\/2430"}],"wp:attachment":[{"href":"https:\/\/linguaexpress.md\/ro\/wp-json\/wp\/v2\/media?parent=2429"}],"curies":[{"name":"wp","href":"https:\/\/api.w.org\/{rel}","templated":true}]}}