{"id":2004,"date":"2023-03-19T19:55:39","date_gmt":"2023-03-19T19:55:39","guid":{"rendered":"http:\/\/linguaexpress.md\/comandarea-online-a-traducerii\/"},"modified":"2023-08-06T08:39:34","modified_gmt":"2023-08-06T08:39:34","slug":"comandarea-online-a-traducerii","status":"publish","type":"page","link":"https:\/\/linguaexpress.md\/ro\/comandarea-online-a-traducerii\/","title":{"rendered":"Comandarea online a traducerii"},"content":{"rendered":"\t\t<div data-elementor-type=\"wp-page\" data-elementor-id=\"2004\" class=\"elementor elementor-2004 elementor-1803\">\n\t\t\t\t\t\t<div class=\"elementor-inner\">\n\t\t\t\t<div class=\"elementor-section-wrap\">\n\t\t\t\t\t\t\t\t\t<section class=\"wd-negative-gap elementor-section elementor-top-section elementor-element elementor-element-0804e8d elementor-section-boxed elementor-section-height-default elementor-section-height-default wd-section-disabled\" data-id=\"0804e8d\" data-element_type=\"section\">\n\t\t\t\t\t\t<div class=\"elementor-container elementor-column-gap-default\">\n\t\t\t\t\t\t\t<div class=\"elementor-row\">\n\t\t\t\t\t<div class=\"elementor-column elementor-col-50 elementor-top-column elementor-element elementor-element-07e677b\" data-id=\"07e677b\" data-element_type=\"column\">\n\t\t\t<div class=\"elementor-column-wrap elementor-element-populated\">\n\t\t\t\t\t\t\t<div class=\"elementor-widget-wrap\">\n\t\t\t\t\t\t<div class=\"elementor-element elementor-element-f23ef9e color-scheme-inherit text-left elementor-widget elementor-widget-text-editor\" data-id=\"f23ef9e\" data-element_type=\"widget\" data-widget_type=\"text-editor.default\">\n\t\t\t\t<div class=\"elementor-widget-container\">\n\t\t\t\t\t\t\t\t<div class=\"elementor-text-editor elementor-clearfix\">\n\t\t\t\t<div id=\"pl-1234\" class=\"panel-layout\"><div id=\"pg-1234-0\" class=\"panel-grid panel-no-style\" data-style=\"{\" data-ratio=\"1\" data-ratio-direction=\"right\"><div id=\"pgc-1234-0-0\" class=\"panel-grid-cell\" data-weight=\"1\"><div id=\"panel-1234-0-0-0\" class=\"so-panel widget widget_text panel-first-child panel-last-child\" data-index=\"0\" data-style=\"{\"><div class=\"flash_inherit_color panel-widget-style panel-widget-style-for-1234-0-0-0\"><div class=\"textwidget\"><p><span style=\"font-weight: 400;\">Pentru a comanda traducerea documentelor sau o apostil\u0103, nu este necesar s\u0103 veni\u021bi la biroul nostru, cu at\u00e2t mai mult dac\u0103 v\u0103 afla\u021bi \u00eentr-o alt\u0103 localitate sau stat. Toate opera\u021biunile pot fi efectuate la distan\u021b\u0103. Ce trebuie de efectuat pentru a comanda online traducerea documentului sau o apostil\u0103?<\/span><\/p><ol><li style=\"font-weight: 400;\" aria-level=\"1\"><span style=\"font-weight: 400;\">Desc\u0103rca\u021bi aplica\u021bia pentru scanare Adobe Scan (suport\u0103 iOS, Android) \u00een telefon.<\/span><\/li><li style=\"font-weight: 400;\" aria-level=\"1\"><span style=\"font-weight: 400;\">Scana\u021bi \u00een calitate bun\u0103 (\u00een format PDF) documentele dvs. cu ajutorul acestei aplica\u021bii.<\/span><\/li><li style=\"font-weight: 400;\" aria-level=\"1\"><span style=\"font-weight: 400;\">Expedia\u021bi documentele scanate cu ajutorul uneia din aplica\u021biile disponibile: WhatsApp, Viber, Telegram sau expedia\u021bi-ni-le la po\u0219ta electronic\u0103: <\/span><a href=\"mailto:linguaexpress@mail.ru\"><span style=\"font-weight: 400;\">linguaexpress@mail.ru<\/span><\/a><span style=\"font-weight: 400;\">.<\/span><\/li><li style=\"font-weight: 400;\" aria-level=\"1\"><span style=\"font-weight: 400;\">Indica\u021bi \u00een textul scrisorii ce tip de servicii ave\u021bi nevoie; pentru traducere e nevoie de indicat obligatoriu \u00een ce limb\u0103 trebuie de tradus documentul.<\/span><\/li><li style=\"font-weight: 400;\" aria-level=\"1\"><span style=\"font-weight: 400;\">Lua\u021bi leg\u0103tura cu noi la telefon \u0219i ve\u021bi afla costul \u0219i ora execut\u0103rii comenzii.<\/span><\/li><li style=\"font-weight: 400;\" aria-level=\"1\"><span style=\"font-weight: 400;\">Achita\u021bi comanda prin transfer pe card sau prin virament \u00een contul de decontare.<\/span><\/li><li style=\"font-weight: 400;\" aria-level=\"1\"><span style=\"font-weight: 400;\">Coordona\u021bi cu noi modul de primire a comenzii efectuate.<\/span><\/li><\/ol><p><span style=\"font-weight: 400;\">Efectu\u00e2nd o comand\u0103 la biroul nostru de traduceri \u201eLingua Express\u201d, dvs. economisi\u021bi timpul \u0219i mijloacele dvs.<\/span><\/p><\/div><\/div><\/div><\/div><\/div><\/div>\t\t\t\t\t<\/div>\n\t\t\t\t\t\t<\/div>\n\t\t\t\t<\/div>\n\t\t\t\t<div class=\"elementor-element elementor-element-d710f6b elementor-align-center itm-buttonz elementor-widget elementor-widget-button\" data-id=\"d710f6b\" data-element_type=\"widget\" data-widget_type=\"button.default\">\n\t\t\t\t<div class=\"elementor-widget-container\">\n\t\t\t\t\t<div class=\"elementor-button-wrapper\">\n\t\t\t<a href=\"tel:+37379773270\" class=\"elementor-button-link elementor-button elementor-size-sm\" role=\"button\">\n\t\t\t\t\t\t<span class=\"elementor-button-content-wrapper\">\n\t\t\t\t\t\t<span class=\"elementor-button-text\">Contacta\u0163i-ne<\/span>\n\t\t<\/span>\n\t\t\t\t\t<\/a>\n\t\t<\/div>\n\t\t\t\t<\/div>\n\t\t\t\t<\/div>\n\t\t\t\t\t\t<\/div>\n\t\t\t\t\t<\/div>\n\t\t<\/div>\n\t\t\t\t<div class=\"elementor-column elementor-col-50 elementor-top-column elementor-element elementor-element-5533294\" data-id=\"5533294\" data-element_type=\"column\">\n\t\t\t<div class=\"elementor-column-wrap elementor-element-populated\">\n\t\t\t\t\t\t\t<div class=\"elementor-widget-wrap\">\n\t\t\t\t\t\t<div class=\"elementor-element elementor-element-79a1cfb elementor-widget elementor-widget-wd_image_or_svg\" data-id=\"79a1cfb\" data-element_type=\"widget\" data-widget_type=\"wd_image_or_svg.default\">\n\t\t\t\t<div class=\"elementor-widget-container\">\n\t\t\t\n\t\t<div class=\"wd-image text-left\">\n\t\t\t\t\t\t\t\t<img width=\"1024\" height=\"1024\" src=\"https:\/\/linguaexpress.md\/wp-content\/uploads\/2023\/03\/DeniksD_online_translation_e4b04c17-6341-4af3-8f2f-8f06931907df.png\" class=\"attachment-full size-full wp-image-1761\" alt=\"\" decoding=\"async\" loading=\"lazy\" srcset=\"https:\/\/linguaexpress.md\/wp-content\/uploads\/2023\/03\/DeniksD_online_translation_e4b04c17-6341-4af3-8f2f-8f06931907df.png 1024w, https:\/\/linguaexpress.md\/wp-content\/uploads\/2023\/03\/DeniksD_online_translation_e4b04c17-6341-4af3-8f2f-8f06931907df-300x300.png 300w, https:\/\/linguaexpress.md\/wp-content\/uploads\/2023\/03\/DeniksD_online_translation_e4b04c17-6341-4af3-8f2f-8f06931907df-150x150.png 150w, https:\/\/linguaexpress.md\/wp-content\/uploads\/2023\/03\/DeniksD_online_translation_e4b04c17-6341-4af3-8f2f-8f06931907df-768x768.png 768w\" sizes=\"(max-width: 1024px) 100vw, 1024px\" \/>\t\t\t\t\t<\/div>\n\n\t\t\t\t<\/div>\n\t\t\t\t<\/div>\n\t\t\t\t\t\t<\/div>\n\t\t\t\t\t<\/div>\n\t\t<\/div>\n\t\t\t\t\t\t\t\t<\/div>\n\t\t\t\t\t<\/div>\n\t\t<\/section>\n\t\t\t\t<section class=\"wd-negative-gap elementor-section elementor-top-section elementor-element elementor-element-0314e0b elementor-section-boxed elementor-section-height-default elementor-section-height-default wd-section-disabled\" data-id=\"0314e0b\" data-element_type=\"section\">\n\t\t\t\t\t\t<div class=\"elementor-container elementor-column-gap-default\">\n\t\t\t\t\t\t\t<div class=\"elementor-row\">\n\t\t\t\t\t<div class=\"elementor-column elementor-col-100 elementor-top-column elementor-element elementor-element-f7d6b19\" data-id=\"f7d6b19\" data-element_type=\"column\">\n\t\t\t<div class=\"elementor-column-wrap elementor-element-populated\">\n\t\t\t\t\t\t\t<div class=\"elementor-widget-wrap\">\n\t\t\t\t\t\t<div class=\"elementor-element elementor-element-a8ddc4b color-scheme-inherit text-left elementor-widget elementor-widget-text-editor\" data-id=\"a8ddc4b\" data-element_type=\"widget\" data-widget_type=\"text-editor.default\">\n\t\t\t\t<div class=\"elementor-widget-container\">\n\t\t\t\t\t\t\t\t<div class=\"elementor-text-editor elementor-clearfix\">\n\t\t\t\t<div id=\"pl-1234\" class=\"panel-layout\"><div id=\"pg-1234-0\" class=\"panel-grid panel-no-style\" data-style=\"{&quot;background_image_attachment&quot;:false,&quot;background_display&quot;:&quot;tile&quot;,&quot;cell_alignment&quot;:&quot;flex-start&quot;}\" data-ratio=\"1\" data-ratio-direction=\"right\"><div id=\"pgc-1234-0-0\" class=\"panel-grid-cell\" data-weight=\"1\"><div id=\"panel-1234-0-0-0\" class=\"so-panel widget widget_text panel-first-child panel-last-child\" data-index=\"0\" data-style=\"{&quot;background_image_attachment&quot;:false,&quot;background_display&quot;:&quot;tile&quot;,&quot;font_color&quot;:&quot;#4b4f5b&quot;}\"><div class=\"flash_inherit_color panel-widget-style panel-widget-style-for-1234-0-0-0\"><div class=\"textwidget\"><h1><b>Traducerea documentelor <\/b><b>online<\/b><\/h1><p><span style=\"font-weight: 400;\">Birou de traduceri<\/span> <b>LinguaExpress<\/b><span style=\"font-weight: 400;\"> ofer\u0103 servicii profesionale \u00een domeniul traducerilor online. <\/span><span style=\"font-weight: 400;\">Traducerea documentelor<\/span><span style=\"font-weight: 400;\"> se realizeaz\u0103 cu precizie \u0219i \u00een cel mai scurt timp, respect\u00e2nd toate procedurile juridice necesare.<\/span><\/p><h5><b>Determinarea pre\u021bului \u0219i tipului de serviciu<\/b><\/h5><p><span style=\"font-weight: 400;\">Pentru a determina pre\u021bul \u0219i tipul de serviciu care se potrive\u0219te cel mai bine necesit\u0103\u021bilor dumneavoastr\u0103, pute\u021bi s\u0103 ne contacta\u021bi prin telefon sau email. Personalul nostru v\u0103 va ajuta s\u0103 alege\u021bi solu\u021bia optim\u0103 pentru cazul dumneavoastr\u0103.<\/span><\/p><h5><b>Preg\u0103tirea documentului<\/b><\/h5><p><span style=\"font-weight: 400;\">Primul pas este preg\u0103tirea documentului pentru traducere. Pentru aceasta, va trebui s\u0103 desc\u0103rca\u021bi aplica\u021bia Adobe Scan pe smartphone-ul sau tablet\u0103. Aceast\u0103 aplica\u021bie u\u0219or de utilizat v\u0103 permite s\u0103 crea\u021bi o copie scanat\u0103 a documentului. Cu ajutorul aplica\u021biei, ve\u021bi putea ob\u021bine imagini clare \u0219i de \u00eenalt\u0103 calitate, care vor servi ca baz\u0103 pentru <\/span><span style=\"font-weight: 400;\">traducerea documentelor<\/span><span style=\"font-weight: 400;\">.<\/span><\/p><h5><b>Trimiterea documentului \u00een format PDF<\/b><\/h5><p><span style=\"font-weight: 400;\">Dup\u0103 ce documentul a fost scanat cu succes, trimite\u021bi-l \u00een format PDF pe adresa noastr\u0103 de e-mail sau prin intermediul platformei noastre online. <\/span><span style=\"font-weight: 400;\">Birou de traduceri <\/span><span style=\"font-weight: 400;\">va \u00eencepe imediat lucrul cu documentul dumneavoastr\u0103.<\/span><\/p><h5><b>Achitarea online<\/b><\/h5><p><span style=\"font-weight: 400;\">Apreciem timpul dumneavoastr\u0103 \u0219i, de aceea, oferim metode convenabile de achitare online. Pute\u021bi efectua achitarea folosind diverse sisteme de plat\u0103, ceea ce va face procesul rapid \u0219i sigur. V\u0103 garant\u0103m confiden\u021bialitatea absolut\u0103 \u00een ceea ce prive\u0219te datele dumneavoastr\u0103 personale.<\/span><\/p><h5><b>Avantajele noastre:<\/b><\/h5><ul><li style=\"font-weight: 400;\" aria-level=\"1\"><strong>Traduceri legalizate notarial de calitate:<\/strong><span style=\"font-weight: 400;\"> Echipa noastr\u0103 este format\u0103 din traduc\u0103tori experimenta\u021bi, care cunosc diverse limbi \u0219i se specializeaz\u0103 \u00een diferite domenii. V\u0103 garant\u0103m un nivel ridicat de profesionalism \u0219i acurate\u021be \u00een traducere.<\/span><\/li><li style=\"font-weight: 400;\" aria-level=\"1\"><strong>Termene scurte:<\/strong> <span style=\"font-weight: 400;\">Birou de traduceri<\/span><span style=\"font-weight: 400;\"> depune toate eforturile pentru a v\u0103 \u00eendeplini comanda \u00eentr-un timp c\u00e2t mai scurt, f\u0103r\u0103 a compromite calitatea.<\/span><\/li><li style=\"font-weight: 400;\" aria-level=\"1\"><strong>Abordare individual\u0103:<\/strong><span style=\"font-weight: 400;\"> Lu\u0103m \u00een considerare cerin\u021bele \u0219i preferin\u021bele dumneavoastr\u0103 \u0219i oferim solu\u021bii personalizate pentru fiecare client.<\/span><\/li><li style=\"font-weight: 400;\" aria-level=\"1\"><strong>Suport non-stop:<\/strong><span style=\"font-weight: 400;\"> Serviciul nostru de asisten\u021b\u0103 este disponibil pentru dumneavoastr\u0103 \u00een orice moment. Suntem preg\u0103ti\u021bi s\u0103 r\u0103spundem la \u00eentreb\u0103ri \u0219i s\u0103 v\u0103 ajut\u0103m s\u0103 rezolva\u021bi orice problem\u0103.<\/span><\/li><\/ul><p>\u00a0<\/p><p><span style=\"font-weight: 400;\">Contacta\u021bi-ne chiar acum \u0219i ve\u021bi primi un partener de \u00eencredere \u00een domeniul traducerilor, care va face experien\u021ba dumneavoastr\u0103 de lucru cu documente str\u0103ine c\u00e2t mai confortabil\u0103. V\u0103 garant\u0103m calitate \u00eenalt\u0103, acurate\u021be \u0219i executarea prompt\u0103 a fiec\u0103rei comenzi.\u00a0<\/span><\/p><\/div><\/div><\/div><\/div><\/div><\/div>\t\t\t\t\t<\/div>\n\t\t\t\t\t\t<\/div>\n\t\t\t\t<\/div>\n\t\t\t\t\t\t<\/div>\n\t\t\t\t\t<\/div>\n\t\t<\/div>\n\t\t\t\t\t\t\t\t<\/div>\n\t\t\t\t\t<\/div>\n\t\t<\/section>\n\t\t\t\t<section class=\"wd-negative-gap elementor-section elementor-top-section elementor-element elementor-element-89dd498 elementor-section-boxed elementor-section-height-default elementor-section-height-default wd-section-disabled\" data-id=\"89dd498\" data-element_type=\"section\">\n\t\t\t\t\t\t<div class=\"elementor-container elementor-column-gap-default\">\n\t\t\t\t\t\t\t<div class=\"elementor-row\">\n\t\t\t\t\t<div class=\"elementor-column elementor-col-50 elementor-top-column elementor-element elementor-element-d34e128\" data-id=\"d34e128\" data-element_type=\"column\">\n\t\t\t<div class=\"elementor-column-wrap elementor-element-populated\">\n\t\t\t\t\t\t\t<div class=\"elementor-widget-wrap\">\n\t\t\t\t\t\t<div class=\"elementor-element elementor-element-b71557d elementor-widget elementor-widget-wd_text_block\" data-id=\"b71557d\" data-element_type=\"widget\" data-widget_type=\"wd_text_block.default\">\n\t\t\t\t<div class=\"elementor-widget-container\">\n\t\t\t\t\t\t<link rel=\"stylesheet\" id=\"wd-text-block-css\" href=\"https:\/\/linguaexpress.md\/wp-content\/themes\/woodmart\/css\/parts\/el-text-block.min.css?ver=7.1.3\" type=\"text\/css\" media=\"all\" \/> \t\t\t\t\t<div class=\"wd-text-block reset-last-child text-left\">\n\t\t\t\n\t\t\t<h2>Biroul de traduceri \u201eLingua Express\u201d<\/h2>\n\t\t\t\t\t<\/div>\n\t\t\t\t<\/div>\n\t\t\t\t<\/div>\n\t\t\t\t<div class=\"elementor-element elementor-element-65439a0 elementor-widget elementor-widget-wd_text_block\" data-id=\"65439a0\" data-element_type=\"widget\" data-widget_type=\"wd_text_block.default\">\n\t\t\t\t<div class=\"elementor-widget-container\">\n\t\t\t\t\t<div class=\"wd-text-block reset-last-child text-left\">\n\t\t\t\n\t\t\t<p>Prest\u0103m servicii de traduceri scrise ale documentelor \u0219i textelor pe diferite tematici. De asemenea, efectu\u0103m legalizarea notarial\u0103 a traducerilor \u0219i apostilarea documentelor. Profesionalismul \u0219i receptivitatea colaboratorilor biroului \u201eLingua Express\u201d, politica flexibil\u0103 de pre\u021buri, abordarea individual\u0103 \u0219i solu\u021bionarea celor mai dificile sarcini sunt acele calit\u0103\u021bi, care garanteaz\u0103 clien\u021bilor no\u0219tri o deservire confortabil\u0103 \u0219i un rezultat calitativ.<\/p><p>Traduc\u0103torii companiei lucreaz\u0103 cu texte din domeniul juridic, economic, tehnic \u0219i medical. Nivelul \u0219i calitatea traducerilor efectuate sunt confirmate prin colaborarea noastr\u0103 permanent\u0103 cu \u00eentreprinderile agricole \u0219i industriale mari din regiune, cu organele de stat \u0219i institu\u021biile medicale.<\/p><p>De asemenea consult\u0103m gratis cet\u0103\u021benii privind preg\u0103tirea diferitor tipuri de documente pentru cet\u0103\u021beni, necesare pentru ob\u021binerea permisului de \u0219edere, a cet\u0103\u021beniei sau \u00eencheierii c\u0103s\u0103toriei. Documentele perfectate cu ajutorul nostru vor corespunde tuturor cerin\u021belor organelor de stat ale Federa\u021biei Ruse, Bulgariei, Rom\u00e2niei, Turciei, Italiei, etc.<\/p><p>Biroul de traduceri \u201eLingua Express\u201d este o companie verificat\u0103 de timp \u0219i de partenerii no\u0219tri din Comrat \u0219i alte ora\u0219e din sudul Moldovei. Noi suntem partenerul dvs. de \u00eencredere \u00een aceast\u0103 sfer\u0103 de servicii.<\/p>\n\t\t\t\t\t<\/div>\n\t\t\t\t<\/div>\n\t\t\t\t<\/div>\n\t\t\t\t\t\t<\/div>\n\t\t\t\t\t<\/div>\n\t\t<\/div>\n\t\t\t\t<div class=\"elementor-column elementor-col-50 elementor-top-column elementor-element elementor-element-1c5b619\" data-id=\"1c5b619\" data-element_type=\"column\">\n\t\t\t<div class=\"elementor-column-wrap elementor-element-populated\">\n\t\t\t\t\t\t\t<div class=\"elementor-widget-wrap\">\n\t\t\t\t\t\t<div class=\"elementor-element elementor-element-51e7465 elementor-widget elementor-widget-wd_text_block\" data-id=\"51e7465\" data-element_type=\"widget\" data-widget_type=\"wd_text_block.default\">\n\t\t\t\t<div class=\"elementor-widget-container\">\n\t\t\t\t\t<div class=\"wd-text-block reset-last-child text-left\">\n\t\t\t\n\t\t\t<h2>L\u0103sa\u021bi-ne o cerere.<\/h2>\n\t\t\t\t\t<\/div>\n\t\t\t\t<\/div>\n\t\t\t\t<\/div>\n\t\t\t\t<div class=\"elementor-element elementor-element-41142c1 elementor-widget elementor-widget-wd_text_block\" data-id=\"41142c1\" data-element_type=\"widget\" data-widget_type=\"wd_text_block.default\">\n\t\t\t\t<div class=\"elementor-widget-container\">\n\t\t\t\t\t<div class=\"wd-text-block reset-last-child text-left\">\n\t\t\t\n\t\t\t<h4>Managerii no\u0219tri vor lua leg\u0103tura cu dumneavoastr\u0103 \u00een cel mai scurt timp!<\/h4>\n\t\t\t\t\t<\/div>\n\t\t\t\t<\/div>\n\t\t\t\t<\/div>\n\t\t\t\t<div class=\"elementor-element elementor-element-c79543a itm-formm elementor-widget elementor-widget-shortcode\" data-id=\"c79543a\" data-element_type=\"widget\" data-widget_type=\"shortcode.default\">\n\t\t\t\t<div class=\"elementor-widget-container\">\n\t\t\t\t\t<div class=\"elementor-shortcode\">\n<div class=\"wpcf7 no-js\" id=\"wpcf7-f1981-o1\" lang=\"ro-RO\" dir=\"ltr\">\n<div class=\"screen-reader-response\"><p role=\"status\" aria-live=\"polite\" aria-atomic=\"true\"><\/p> <ul><\/ul><\/div>\n<form action=\"\/ro\/wp-json\/wp\/v2\/pages\/2004#wpcf7-f1981-o1\" method=\"post\" class=\"wpcf7-form init\" aria-label=\"Formular de contact\" novalidate=\"novalidate\" data-status=\"init\">\n<div style=\"display: none;\">\n<input type=\"hidden\" name=\"_wpcf7\" value=\"1981\" \/>\n<input type=\"hidden\" name=\"_wpcf7_version\" value=\"5.7.4\" \/>\n<input type=\"hidden\" name=\"_wpcf7_locale\" value=\"ro_RO\" \/>\n<input type=\"hidden\" name=\"_wpcf7_unit_tag\" value=\"wpcf7-f1981-o1\" \/>\n<input type=\"hidden\" name=\"_wpcf7_container_post\" value=\"0\" \/>\n<input type=\"hidden\" name=\"_wpcf7_posted_data_hash\" value=\"\" \/>\n<\/div>\n<div class=\"itm-form\">\n\t<p><span class=\"wpcf7-form-control-wrap\" data-name=\"your-name\"><input size=\"40\" class=\"wpcf7-form-control wpcf7-text\" autocomplete=\"name\" aria-invalid=\"false\" placeholder=\"Nume\" value=\"\" type=\"text\" name=\"your-name\" \/><\/span>\n\t<\/p>\n\t<p><span class=\"wpcf7-form-control-wrap\" data-name=\"tel-248\"><input size=\"40\" class=\"wpcf7-form-control wpcf7-text wpcf7-tel wpcf7-validates-as-required wpcf7-validates-as-tel\" aria-required=\"true\" aria-invalid=\"false\" placeholder=\"Telefon\" value=\"\" type=\"tel\" name=\"tel-248\" \/><\/span>\n\t<\/p>\n\t<p><span class=\"wpcf7-form-control-wrap\" data-name=\"your-email\"><input size=\"40\" class=\"wpcf7-form-control wpcf7-text wpcf7-email wpcf7-validates-as-email\" autocomplete=\"email\" aria-invalid=\"false\" placeholder=\"E-mail\" value=\"\" type=\"email\" name=\"your-email\" \/><\/span>\n\t<\/p>\n\t<p><span class=\"wpcf7-form-control-wrap\" data-name=\"your-message\"><textarea cols=\"40\" rows=\"10\" class=\"wpcf7-form-control wpcf7-textarea\" aria-invalid=\"false\" placeholder=\"Mesaj\" name=\"your-message\"><\/textarea><\/span>\n\t<\/p>\n\t<p><input class=\"wpcf7-form-control has-spinner wpcf7-submit\" type=\"submit\" value=\"Trimite\" \/>\n\t<\/p>\n<\/div><div class=\"wpcf7-response-output\" aria-hidden=\"true\"><\/div>\n<\/form>\n<\/div>\n<\/div>\n\t\t\t\t<\/div>\n\t\t\t\t<\/div>\n\t\t\t\t\t\t<\/div>\n\t\t\t\t\t<\/div>\n\t\t<\/div>\n\t\t\t\t\t\t\t\t<\/div>\n\t\t\t\t\t<\/div>\n\t\t<\/section>\n\t\t\t\t\t\t\t\t\t<\/div>\n\t\t\t<\/div>\n\t\t\t\t\t<\/div>\n\t\t","protected":false},"excerpt":{"rendered":"<p>Pentru a comanda traducerea documentelor sau o apostil\u0103, nu este necesar s\u0103 veni\u021bi la biroul nostru, cu at\u00e2t mai mult<\/p>\n","protected":false},"author":1,"featured_media":0,"parent":0,"menu_order":0,"comment_status":"closed","ping_status":"closed","template":"","meta":{"_mi_skip_tracking":false},"aioseo_notices":[],"_links":{"self":[{"href":"https:\/\/linguaexpress.md\/ro\/wp-json\/wp\/v2\/pages\/2004"}],"collection":[{"href":"https:\/\/linguaexpress.md\/ro\/wp-json\/wp\/v2\/pages"}],"about":[{"href":"https:\/\/linguaexpress.md\/ro\/wp-json\/wp\/v2\/types\/page"}],"author":[{"embeddable":true,"href":"https:\/\/linguaexpress.md\/ro\/wp-json\/wp\/v2\/users\/1"}],"replies":[{"embeddable":true,"href":"https:\/\/linguaexpress.md\/ro\/wp-json\/wp\/v2\/comments?post=2004"}],"version-history":[{"count":7,"href":"https:\/\/linguaexpress.md\/ro\/wp-json\/wp\/v2\/pages\/2004\/revisions"}],"predecessor-version":[{"id":2212,"href":"https:\/\/linguaexpress.md\/ro\/wp-json\/wp\/v2\/pages\/2004\/revisions\/2212"}],"wp:attachment":[{"href":"https:\/\/linguaexpress.md\/ro\/wp-json\/wp\/v2\/media?parent=2004"}],"curies":[{"name":"wp","href":"https:\/\/api.w.org\/{rel}","templated":true}]}}