{"id":2002,"date":"2023-03-19T19:47:44","date_gmt":"2023-03-19T19:47:44","guid":{"rendered":"http:\/\/linguaexpress.md\/consultare-gratuita\/"},"modified":"2023-03-23T11:42:33","modified_gmt":"2023-03-23T11:42:33","slug":"consultare-gratuita","status":"publish","type":"page","link":"https:\/\/linguaexpress.md\/ro\/consultare-gratuita\/","title":{"rendered":"Consultare gratuit\u0103"},"content":{"rendered":"\t\t<div data-elementor-type=\"wp-page\" data-elementor-id=\"2002\" class=\"elementor elementor-2002 elementor-1798\">\n\t\t\t\t\t\t<div class=\"elementor-inner\">\n\t\t\t\t<div class=\"elementor-section-wrap\">\n\t\t\t\t\t\t\t\t\t<section class=\"wd-negative-gap elementor-section elementor-top-section elementor-element elementor-element-95c220c elementor-section-boxed elementor-section-height-default elementor-section-height-default wd-section-disabled\" data-id=\"95c220c\" data-element_type=\"section\">\n\t\t\t\t\t\t<div class=\"elementor-container elementor-column-gap-default\">\n\t\t\t\t\t\t\t<div class=\"elementor-row\">\n\t\t\t\t\t<div class=\"elementor-column elementor-col-50 elementor-top-column elementor-element elementor-element-36e3868\" data-id=\"36e3868\" data-element_type=\"column\">\n\t\t\t<div class=\"elementor-column-wrap elementor-element-populated\">\n\t\t\t\t\t\t\t<div class=\"elementor-widget-wrap\">\n\t\t\t\t\t\t<div class=\"elementor-element elementor-element-e9be111 color-scheme-inherit text-left elementor-widget elementor-widget-text-editor\" data-id=\"e9be111\" data-element_type=\"widget\" data-widget_type=\"text-editor.default\">\n\t\t\t\t<div class=\"elementor-widget-container\">\n\t\t\t\t\t\t\t\t<div class=\"elementor-text-editor elementor-clearfix\">\n\t\t\t\t<div id=\"pl-1234\" class=\"panel-layout\"><div id=\"pg-1234-0\" class=\"panel-grid panel-no-style\" data-style=\"{\" data-ratio=\"1\" data-ratio-direction=\"right\"><div id=\"pgc-1234-0-0\" class=\"panel-grid-cell\" data-weight=\"1\"><div id=\"panel-1234-0-0-0\" class=\"so-panel widget widget_text panel-first-child panel-last-child\" data-index=\"0\" data-style=\"{\"><div class=\"flash_inherit_color panel-widget-style panel-widget-style-for-1234-0-0-0\"><div class=\"textwidget\"><p><span style=\"font-weight: 400;\">Biroul de traduceri \u201eLingua Express\u201d ofer\u0103 tuturor clien\u021bilor no\u0219tri consulta\u021bii \u00een privin\u021ba dob\u00e2ndirii cet\u0103\u021beniei str\u0103ine:<\/span><\/p><ul><li style=\"font-weight: 400;\" aria-level=\"1\"><span style=\"font-weight: 400;\">Cet\u0103\u021benie rom\u00e2n\u0103.<\/span><\/li><li style=\"font-weight: 400;\" aria-level=\"1\"><span style=\"font-weight: 400;\">Cet\u0103\u021benie bulgar\u0103.<\/span><\/li><li style=\"font-weight: 400;\" aria-level=\"1\"><span style=\"font-weight: 400;\">Cet\u0103\u021benie rus\u0103.<\/span><\/li><li style=\"font-weight: 400;\" aria-level=\"1\"><span style=\"font-weight: 400;\">Cet\u0103\u021benie\u00a0 turc\u0103.<\/span><\/li><li style=\"font-weight: 400;\" aria-level=\"1\"><span style=\"font-weight: 400;\">Cet\u0103\u021benie italian\u0103.<\/span><\/li><\/ul><p><span style=\"font-weight: 400;\">Baz\u00e2ndu-ne pe experien\u021ba noastr\u0103 vast\u0103 de mul\u021bi ani, colaboratorii no\u0219tri v\u0103 vor consulta gratis \u00een privin\u021ba tuturor chestiunilor ce \u021bin de depunerea documentelor pentru dob\u00e2ndirea cet\u0103\u021beniei statelor sus-enumerate, care proceduri sunt necesare de parcurs, ce documente trebuie preg\u0103tite, care documente necesit\u0103 legalizarea notarial\u0103 a traducerii, care nu necesit\u0103, \u0219.a.\u00a0<\/span><\/p><p><span style=\"font-weight: 400;\">Adres\u00e2ndu-v\u0103 companiei noastre, dvs. ve\u021bi economici o mare parte a timpului \u0219i mijloacelor dvs. De asemenea, ve\u021bi ob\u021bine informa\u021bii complete pentru solu\u021bionarea rapid\u0103 \u0219i calitativ\u0103 a sarcinilor dvs.<\/span><\/p><\/div><\/div><\/div><\/div><\/div><\/div>\t\t\t\t\t<\/div>\n\t\t\t\t\t\t<\/div>\n\t\t\t\t<\/div>\n\t\t\t\t<div class=\"elementor-element elementor-element-fa168ed elementor-align-center itm-buttonz elementor-widget elementor-widget-button\" data-id=\"fa168ed\" data-element_type=\"widget\" data-widget_type=\"button.default\">\n\t\t\t\t<div class=\"elementor-widget-container\">\n\t\t\t\t\t<div class=\"elementor-button-wrapper\">\n\t\t\t<a href=\"tel:+37379773270\" class=\"elementor-button-link elementor-button elementor-size-sm\" role=\"button\">\n\t\t\t\t\t\t<span class=\"elementor-button-content-wrapper\">\n\t\t\t\t\t\t<span class=\"elementor-button-text\">Contacta\u0163i-ne<\/span>\n\t\t<\/span>\n\t\t\t\t\t<\/a>\n\t\t<\/div>\n\t\t\t\t<\/div>\n\t\t\t\t<\/div>\n\t\t\t\t\t\t<\/div>\n\t\t\t\t\t<\/div>\n\t\t<\/div>\n\t\t\t\t<div class=\"elementor-column elementor-col-50 elementor-top-column elementor-element elementor-element-5c0a1bc\" data-id=\"5c0a1bc\" data-element_type=\"column\">\n\t\t\t<div class=\"elementor-column-wrap elementor-element-populated\">\n\t\t\t\t\t\t\t<div class=\"elementor-widget-wrap\">\n\t\t\t\t\t\t<div class=\"elementor-element elementor-element-782ca79 elementor-widget elementor-widget-wd_image_or_svg\" data-id=\"782ca79\" data-element_type=\"widget\" data-widget_type=\"wd_image_or_svg.default\">\n\t\t\t\t<div class=\"elementor-widget-container\">\n\t\t\t\n\t\t<div class=\"wd-image text-left\">\n\t\t\t\t\t\t\t\t<img width=\"1024\" height=\"1024\" src=\"https:\/\/linguaexpress.md\/wp-content\/uploads\/2023\/03\/DeniksD_photorealistic_pen_singning_documents_982a982a-b7a9-486d-aaee-787083ebe70a.png\" class=\"attachment-full size-full wp-image-1799\" alt=\"\" decoding=\"async\" loading=\"lazy\" srcset=\"https:\/\/linguaexpress.md\/wp-content\/uploads\/2023\/03\/DeniksD_photorealistic_pen_singning_documents_982a982a-b7a9-486d-aaee-787083ebe70a.png 1024w, https:\/\/linguaexpress.md\/wp-content\/uploads\/2023\/03\/DeniksD_photorealistic_pen_singning_documents_982a982a-b7a9-486d-aaee-787083ebe70a-300x300.png 300w, https:\/\/linguaexpress.md\/wp-content\/uploads\/2023\/03\/DeniksD_photorealistic_pen_singning_documents_982a982a-b7a9-486d-aaee-787083ebe70a-150x150.png 150w, https:\/\/linguaexpress.md\/wp-content\/uploads\/2023\/03\/DeniksD_photorealistic_pen_singning_documents_982a982a-b7a9-486d-aaee-787083ebe70a-768x768.png 768w\" sizes=\"(max-width: 1024px) 100vw, 1024px\" \/>\t\t\t\t\t<\/div>\n\n\t\t\t\t<\/div>\n\t\t\t\t<\/div>\n\t\t\t\t\t\t<\/div>\n\t\t\t\t\t<\/div>\n\t\t<\/div>\n\t\t\t\t\t\t\t\t<\/div>\n\t\t\t\t\t<\/div>\n\t\t<\/section>\n\t\t\t\t<section class=\"wd-negative-gap elementor-section elementor-top-section elementor-element elementor-element-b00f436 elementor-section-boxed elementor-section-height-default elementor-section-height-default wd-section-disabled\" data-id=\"b00f436\" data-element_type=\"section\">\n\t\t\t\t\t\t<div class=\"elementor-container elementor-column-gap-default\">\n\t\t\t\t\t\t\t<div class=\"elementor-row\">\n\t\t\t\t\t<div class=\"elementor-column elementor-col-50 elementor-top-column elementor-element elementor-element-d0e1638\" data-id=\"d0e1638\" data-element_type=\"column\">\n\t\t\t<div class=\"elementor-column-wrap elementor-element-populated\">\n\t\t\t\t\t\t\t<div class=\"elementor-widget-wrap\">\n\t\t\t\t\t\t<div class=\"elementor-element elementor-element-d375756 elementor-widget elementor-widget-wd_text_block\" data-id=\"d375756\" data-element_type=\"widget\" data-widget_type=\"wd_text_block.default\">\n\t\t\t\t<div class=\"elementor-widget-container\">\n\t\t\t\t\t\t<link rel=\"stylesheet\" id=\"wd-text-block-css\" href=\"https:\/\/linguaexpress.md\/wp-content\/themes\/woodmart\/css\/parts\/el-text-block.min.css?ver=7.1.3\" type=\"text\/css\" media=\"all\" \/> \t\t\t\t\t<div class=\"wd-text-block reset-last-child text-left\">\n\t\t\t\n\t\t\t<h2>Biroul de traduceri \u201eLingua Express\u201d<\/h2>\n\t\t\t\t\t<\/div>\n\t\t\t\t<\/div>\n\t\t\t\t<\/div>\n\t\t\t\t<div class=\"elementor-element elementor-element-e660efc elementor-widget elementor-widget-wd_text_block\" data-id=\"e660efc\" data-element_type=\"widget\" data-widget_type=\"wd_text_block.default\">\n\t\t\t\t<div class=\"elementor-widget-container\">\n\t\t\t\t\t<div class=\"wd-text-block reset-last-child text-left\">\n\t\t\t\n\t\t\t<p>Prest\u0103m servicii de traduceri scrise ale documentelor \u0219i textelor pe diferite tematici. De asemenea, efectu\u0103m legalizarea notarial\u0103 a traducerilor \u0219i apostilarea documentelor. Profesionalismul \u0219i receptivitatea colaboratorilor biroului \u201eLingua Express\u201d, politica flexibil\u0103 de pre\u021buri, abordarea individual\u0103 \u0219i solu\u021bionarea celor mai dificile sarcini sunt acele calit\u0103\u021bi, care garanteaz\u0103 clien\u021bilor no\u0219tri o deservire confortabil\u0103 \u0219i un rezultat calitativ.<\/p><p>Traduc\u0103torii companiei lucreaz\u0103 cu texte din domeniul juridic, economic, tehnic \u0219i medical. Nivelul \u0219i calitatea traducerilor efectuate sunt confirmate prin colaborarea noastr\u0103 permanent\u0103 cu \u00eentreprinderile agricole \u0219i industriale mari din regiune, cu organele de stat \u0219i institu\u021biile medicale.<\/p><p>De asemenea consult\u0103m gratis cet\u0103\u021benii privind preg\u0103tirea diferitor tipuri de documente pentru cet\u0103\u021beni, necesare pentru ob\u021binerea permisului de \u0219edere, a cet\u0103\u021beniei sau \u00eencheierii c\u0103s\u0103toriei. Documentele perfectate cu ajutorul nostru vor corespunde tuturor cerin\u021belor organelor de stat ale Federa\u021biei Ruse, Bulgariei, Rom\u00e2niei, Turciei, Italiei, etc.<\/p><p>Biroul de traduceri \u201eLingua Express\u201d este o companie verificat\u0103 de timp \u0219i de partenerii no\u0219tri din Comrat \u0219i alte ora\u0219e din sudul Moldovei. Noi suntem partenerul dvs. de \u00eencredere \u00een aceast\u0103 sfer\u0103 de servicii.<\/p>\n\t\t\t\t\t<\/div>\n\t\t\t\t<\/div>\n\t\t\t\t<\/div>\n\t\t\t\t\t\t<\/div>\n\t\t\t\t\t<\/div>\n\t\t<\/div>\n\t\t\t\t<div class=\"elementor-column elementor-col-50 elementor-top-column elementor-element elementor-element-bcc5871\" data-id=\"bcc5871\" data-element_type=\"column\">\n\t\t\t<div class=\"elementor-column-wrap elementor-element-populated\">\n\t\t\t\t\t\t\t<div class=\"elementor-widget-wrap\">\n\t\t\t\t\t\t<div class=\"elementor-element elementor-element-ad55a3e elementor-widget elementor-widget-wd_text_block\" data-id=\"ad55a3e\" data-element_type=\"widget\" data-widget_type=\"wd_text_block.default\">\n\t\t\t\t<div class=\"elementor-widget-container\">\n\t\t\t\t\t<div class=\"wd-text-block reset-last-child text-left\">\n\t\t\t\n\t\t\t<h2>L\u0103sa\u021bi-ne o cerere.<\/h2>\n\t\t\t\t\t<\/div>\n\t\t\t\t<\/div>\n\t\t\t\t<\/div>\n\t\t\t\t<div class=\"elementor-element elementor-element-63b5bee elementor-widget elementor-widget-wd_text_block\" data-id=\"63b5bee\" data-element_type=\"widget\" data-widget_type=\"wd_text_block.default\">\n\t\t\t\t<div class=\"elementor-widget-container\">\n\t\t\t\t\t<div class=\"wd-text-block reset-last-child text-left\">\n\t\t\t\n\t\t\t<h4>Managerii no\u0219tri vor lua leg\u0103tura cu dumneavoastr\u0103 \u00een cel mai scurt timp!<\/h4>\n\t\t\t\t\t<\/div>\n\t\t\t\t<\/div>\n\t\t\t\t<\/div>\n\t\t\t\t<div class=\"elementor-element elementor-element-26f661d itm-formm elementor-widget elementor-widget-shortcode\" data-id=\"26f661d\" data-element_type=\"widget\" data-widget_type=\"shortcode.default\">\n\t\t\t\t<div class=\"elementor-widget-container\">\n\t\t\t\t\t<div class=\"elementor-shortcode\">\n<div class=\"wpcf7 no-js\" id=\"wpcf7-f1981-o1\" lang=\"ro-RO\" dir=\"ltr\">\n<div class=\"screen-reader-response\"><p role=\"status\" aria-live=\"polite\" aria-atomic=\"true\"><\/p> <ul><\/ul><\/div>\n<form action=\"\/ro\/wp-json\/wp\/v2\/pages\/2002#wpcf7-f1981-o1\" method=\"post\" class=\"wpcf7-form init\" aria-label=\"Formular de contact\" novalidate=\"novalidate\" data-status=\"init\">\n<div style=\"display: none;\">\n<input type=\"hidden\" name=\"_wpcf7\" value=\"1981\" \/>\n<input type=\"hidden\" name=\"_wpcf7_version\" value=\"5.7.4\" \/>\n<input type=\"hidden\" name=\"_wpcf7_locale\" value=\"ro_RO\" \/>\n<input type=\"hidden\" name=\"_wpcf7_unit_tag\" value=\"wpcf7-f1981-o1\" \/>\n<input type=\"hidden\" name=\"_wpcf7_container_post\" value=\"0\" \/>\n<input type=\"hidden\" name=\"_wpcf7_posted_data_hash\" value=\"\" \/>\n<\/div>\n<div class=\"itm-form\">\n\t<p><span class=\"wpcf7-form-control-wrap\" data-name=\"your-name\"><input size=\"40\" class=\"wpcf7-form-control wpcf7-text\" autocomplete=\"name\" aria-invalid=\"false\" placeholder=\"Nume\" value=\"\" type=\"text\" name=\"your-name\" \/><\/span>\n\t<\/p>\n\t<p><span class=\"wpcf7-form-control-wrap\" data-name=\"tel-248\"><input size=\"40\" class=\"wpcf7-form-control wpcf7-text wpcf7-tel wpcf7-validates-as-required wpcf7-validates-as-tel\" aria-required=\"true\" aria-invalid=\"false\" placeholder=\"Telefon\" value=\"\" type=\"tel\" name=\"tel-248\" \/><\/span>\n\t<\/p>\n\t<p><span class=\"wpcf7-form-control-wrap\" data-name=\"your-email\"><input size=\"40\" class=\"wpcf7-form-control wpcf7-text wpcf7-email wpcf7-validates-as-email\" autocomplete=\"email\" aria-invalid=\"false\" placeholder=\"E-mail\" value=\"\" type=\"email\" name=\"your-email\" \/><\/span>\n\t<\/p>\n\t<p><span class=\"wpcf7-form-control-wrap\" data-name=\"your-message\"><textarea cols=\"40\" rows=\"10\" class=\"wpcf7-form-control wpcf7-textarea\" aria-invalid=\"false\" placeholder=\"Mesaj\" name=\"your-message\"><\/textarea><\/span>\n\t<\/p>\n\t<p><input class=\"wpcf7-form-control has-spinner wpcf7-submit\" type=\"submit\" value=\"Trimite\" \/>\n\t<\/p>\n<\/div><div class=\"wpcf7-response-output\" aria-hidden=\"true\"><\/div>\n<\/form>\n<\/div>\n<\/div>\n\t\t\t\t<\/div>\n\t\t\t\t<\/div>\n\t\t\t\t\t\t<\/div>\n\t\t\t\t\t<\/div>\n\t\t<\/div>\n\t\t\t\t\t\t\t\t<\/div>\n\t\t\t\t\t<\/div>\n\t\t<\/section>\n\t\t\t\t\t\t\t\t\t<\/div>\n\t\t\t<\/div>\n\t\t\t\t\t<\/div>\n\t\t","protected":false},"excerpt":{"rendered":"<p>Biroul de traduceri \u201eLingua Express\u201d ofer\u0103 tuturor clien\u021bilor no\u0219tri consulta\u021bii \u00een privin\u021ba dob\u00e2ndirii cet\u0103\u021beniei str\u0103ine: Cet\u0103\u021benie rom\u00e2n\u0103. Cet\u0103\u021benie bulgar\u0103. Cet\u0103\u021benie<\/p>\n","protected":false},"author":1,"featured_media":0,"parent":0,"menu_order":0,"comment_status":"closed","ping_status":"closed","template":"","meta":{"_mi_skip_tracking":false},"aioseo_notices":[],"_links":{"self":[{"href":"https:\/\/linguaexpress.md\/ro\/wp-json\/wp\/v2\/pages\/2002"}],"collection":[{"href":"https:\/\/linguaexpress.md\/ro\/wp-json\/wp\/v2\/pages"}],"about":[{"href":"https:\/\/linguaexpress.md\/ro\/wp-json\/wp\/v2\/types\/page"}],"author":[{"embeddable":true,"href":"https:\/\/linguaexpress.md\/ro\/wp-json\/wp\/v2\/users\/1"}],"replies":[{"embeddable":true,"href":"https:\/\/linguaexpress.md\/ro\/wp-json\/wp\/v2\/comments?post=2002"}],"version-history":[{"count":4,"href":"https:\/\/linguaexpress.md\/ro\/wp-json\/wp\/v2\/pages\/2002\/revisions"}],"predecessor-version":[{"id":2018,"href":"https:\/\/linguaexpress.md\/ro\/wp-json\/wp\/v2\/pages\/2002\/revisions\/2018"}],"wp:attachment":[{"href":"https:\/\/linguaexpress.md\/ro\/wp-json\/wp\/v2\/media?parent=2002"}],"curies":[{"name":"wp","href":"https:\/\/api.w.org\/{rel}","templated":true}]}}