{"id":2000,"date":"2020-06-15T21:50:14","date_gmt":"2020-06-15T21:50:14","guid":{"rendered":"http:\/\/linguaexpress.md\/apostila-si-legalizare\/"},"modified":"2023-07-17T20:36:44","modified_gmt":"2023-07-17T20:36:44","slug":"apostila-si-legalizare","status":"publish","type":"page","link":"https:\/\/linguaexpress.md\/ro\/apostila-si-legalizare\/","title":{"rendered":"Apostil\u0103 \u0219i legalizare"},"content":{"rendered":"\t\t<div data-elementor-type=\"wp-page\" data-elementor-id=\"2000\" class=\"elementor elementor-2000 elementor-1234\">\n\t\t\t\t\t\t<div class=\"elementor-inner\">\n\t\t\t\t<div class=\"elementor-section-wrap\">\n\t\t\t\t\t\t\t\t\t<section class=\"wd-negative-gap elementor-section elementor-top-section elementor-element elementor-element-e384e2f elementor-section-boxed elementor-section-height-default elementor-section-height-default wd-section-disabled\" data-id=\"e384e2f\" data-element_type=\"section\">\n\t\t\t\t\t\t<div class=\"elementor-container elementor-column-gap-default\">\n\t\t\t\t\t\t\t<div class=\"elementor-row\">\n\t\t\t\t\t<div class=\"elementor-column elementor-col-50 elementor-top-column elementor-element elementor-element-feec531\" data-id=\"feec531\" data-element_type=\"column\">\n\t\t\t<div class=\"elementor-column-wrap elementor-element-populated\">\n\t\t\t\t\t\t\t<div class=\"elementor-widget-wrap\">\n\t\t\t\t\t\t<div class=\"elementor-element elementor-element-54d9c39 color-scheme-inherit text-left elementor-widget elementor-widget-text-editor\" data-id=\"54d9c39\" data-element_type=\"widget\" data-widget_type=\"text-editor.default\">\n\t\t\t\t<div class=\"elementor-widget-container\">\n\t\t\t\t\t\t\t\t<div class=\"elementor-text-editor elementor-clearfix\">\n\t\t\t\t<div id=\"pl-1234\" class=\"panel-layout\"><div id=\"pg-1234-0\" class=\"panel-grid panel-no-style\" data-style=\"{\" data-ratio=\"1\" data-ratio-direction=\"right\"><div id=\"pgc-1234-0-0\" class=\"panel-grid-cell\" data-weight=\"1\"><div id=\"panel-1234-0-0-0\" class=\"so-panel widget widget_text panel-first-child panel-last-child\" data-index=\"0\" data-style=\"{\"><div class=\"flash_inherit_color panel-widget-style panel-widget-style-for-1234-0-0-0\"><div class=\"textwidget\"><p>\u00cen caz de necesitate, biroul nostru de traduceri v\u0103 va ajuta s\u0103 aplica\u021bi apostila pe documente. Acest lucru va u\u0219ura semnificativ sarcina clientului \u0219i v\u0103 va economisi timp \u0219i bani. Apostila este un serviciu pe care biroul nostru de traduceri \u201eLingua Express\u201d \u00eel presteaz\u0103. Apostila presupune procesul simplificat de legalizare a documentelor oficiale. Ea se aplic\u0103 de Ministerul Justi\u021biei pe documentul care este eliberat pe teritoriul statului, care a semnat Conven\u021bia de la Haga. Prezen\u021ba apostilei permite conferirea for\u021bei juridice documentului necesar pe teritoriul unui alt stat. Ea se aplic\u0103 pe urm\u0103toarele documente:<\/p><p>Certificatele de na\u0219tere, c\u0103s\u0103torie, divor\u021b, deces.<\/p><p>Extrasele de pe actele de stare civil\u0103.<\/p><p>Certificate.<\/p><p>Certificatele eliberate de organele de stat.<\/p><p>Documentele autentificate notarial.<\/p><p>Copiile autentificate notarial ale documentelor.<\/p><p>Traducerile autentificate notarial ale documentelor.<\/p><p>Documentele de studii.<\/p><p>Hot\u0103r\u00e2rile de judecat\u0103, care de\u021bin men\u021biunea c\u0103 aceasta a intrat \u00een vigoare.<\/p><p>Nu toate documentele necesit\u0103 apostilare. Speciali\u0219tii biroului nostru de traduceri \u201eLingua Express\u201d sunt dispu\u0219i s\u0103 v\u0103 consulte gratuit \u0219i s\u0103 v\u0103 r\u0103spund\u0103 la toate \u00eentreb\u0103rile care v\u0103 intereseaz\u0103, legate de apostilare \u0219i legalizarea notarial\u0103 a documentelor.<\/p><\/div><\/div><\/div><\/div><\/div><\/div>\t\t\t\t\t<\/div>\n\t\t\t\t\t\t<\/div>\n\t\t\t\t<\/div>\n\t\t\t\t\t\t<\/div>\n\t\t\t\t\t<\/div>\n\t\t<\/div>\n\t\t\t\t<div class=\"elementor-column elementor-col-50 elementor-top-column elementor-element elementor-element-26e4c02\" data-id=\"26e4c02\" data-element_type=\"column\">\n\t\t\t<div class=\"elementor-column-wrap elementor-element-populated\">\n\t\t\t\t\t\t\t<div class=\"elementor-widget-wrap\">\n\t\t\t\t\t\t<div class=\"elementor-element elementor-element-d03fcd4 elementor-widget elementor-widget-wd_image_or_svg\" data-id=\"d03fcd4\" data-element_type=\"widget\" data-widget_type=\"wd_image_or_svg.default\">\n\t\t\t\t<div class=\"elementor-widget-container\">\n\t\t\t\n\t\t<div class=\"wd-image text-left\">\n\t\t\t\t\t\t\t\t<img width=\"1024\" height=\"1024\" src=\"https:\/\/linguaexpress.md\/wp-content\/uploads\/2023\/02\/DeniksD_documents_with_stamp_42db552b-e773-4903-b689-664c0947eb9f.png\" class=\"attachment-full size-full wp-image-1550\" alt=\"\" decoding=\"async\" loading=\"lazy\" srcset=\"https:\/\/linguaexpress.md\/wp-content\/uploads\/2023\/02\/DeniksD_documents_with_stamp_42db552b-e773-4903-b689-664c0947eb9f.png 1024w, https:\/\/linguaexpress.md\/wp-content\/uploads\/2023\/02\/DeniksD_documents_with_stamp_42db552b-e773-4903-b689-664c0947eb9f-300x300.png 300w, https:\/\/linguaexpress.md\/wp-content\/uploads\/2023\/02\/DeniksD_documents_with_stamp_42db552b-e773-4903-b689-664c0947eb9f-150x150.png 150w, https:\/\/linguaexpress.md\/wp-content\/uploads\/2023\/02\/DeniksD_documents_with_stamp_42db552b-e773-4903-b689-664c0947eb9f-768x768.png 768w\" sizes=\"(max-width: 1024px) 100vw, 1024px\" \/>\t\t\t\t\t<\/div>\n\n\t\t\t\t<\/div>\n\t\t\t\t<\/div>\n\t\t\t\t<div class=\"elementor-element elementor-element-106c7e6 elementor-align-center itm-buttonz elementor-widget elementor-widget-button\" data-id=\"106c7e6\" data-element_type=\"widget\" data-widget_type=\"button.default\">\n\t\t\t\t<div class=\"elementor-widget-container\">\n\t\t\t\t\t<div class=\"elementor-button-wrapper\">\n\t\t\t<a href=\"tel:+37379773270\" class=\"elementor-button-link elementor-button elementor-size-sm\" role=\"button\">\n\t\t\t\t\t\t<span class=\"elementor-button-content-wrapper\">\n\t\t\t\t\t\t<span class=\"elementor-button-text\">Contacta\u0163i-ne<\/span>\n\t\t<\/span>\n\t\t\t\t\t<\/a>\n\t\t<\/div>\n\t\t\t\t<\/div>\n\t\t\t\t<\/div>\n\t\t\t\t\t\t<\/div>\n\t\t\t\t\t<\/div>\n\t\t<\/div>\n\t\t\t\t\t\t\t\t<\/div>\n\t\t\t\t\t<\/div>\n\t\t<\/section>\n\t\t\t\t<section class=\"wd-negative-gap elementor-section elementor-top-section elementor-element elementor-element-59e7f1e elementor-section-boxed elementor-section-height-default elementor-section-height-default wd-section-disabled\" data-id=\"59e7f1e\" data-element_type=\"section\">\n\t\t\t\t\t\t<div class=\"elementor-container elementor-column-gap-default\">\n\t\t\t\t\t\t\t<div class=\"elementor-row\">\n\t\t\t\t\t<div class=\"elementor-column elementor-col-100 elementor-top-column elementor-element elementor-element-ac1bf53\" data-id=\"ac1bf53\" data-element_type=\"column\">\n\t\t\t<div class=\"elementor-column-wrap elementor-element-populated\">\n\t\t\t\t\t\t\t<div class=\"elementor-widget-wrap\">\n\t\t\t\t\t\t<div class=\"elementor-element elementor-element-ca348a7 color-scheme-inherit text-left elementor-widget elementor-widget-text-editor\" data-id=\"ca348a7\" data-element_type=\"widget\" data-widget_type=\"text-editor.default\">\n\t\t\t\t<div class=\"elementor-widget-container\">\n\t\t\t\t\t\t\t\t<div class=\"elementor-text-editor elementor-clearfix\">\n\t\t\t\t<h1><b>Legalizarea documentelor oficiale prin apostil\u0103<\/b><\/h1><p><span style=\"font-weight: 400;\">Legalizarea documentelor oficiale prin apostil\u0103 reprezint\u0103 o procedur\u0103 important\u0103 pentru recunoa\u0219terea interna\u021bional\u0103 a acestora. <\/span><span style=\"font-weight: 400;\">\u00cen cadrul tranzac\u021biilor interna\u021bionale, al educa\u021biei \u0219i al muncii peste hotare, precum \u0219i \u00een alte situa\u021bii \u00een care este necesar\u0103 prezentarea documentelor \u00een \u021b\u0103ri str\u0103ine, apostila are un rol crucial \u00een confirmarea autenticit\u0103\u021bii \u0219i validit\u0103\u021bii acestora din punct de vedere juridic<\/span><span style=\"font-weight: 400;\">.<\/span><span style=\"font-weight: 400;\"> Birou de traduceri<\/span><b> Lingua Express<\/b><span style=\"font-weight: 400;\"> ofer\u0103 servicii profesionale de aplicare a apostilei.<\/span><\/p><p><b>Procesul de aplicare a apostile<\/b><span style=\"font-weight: 400;\">i:<\/span><\/p><p><span style=\"font-weight: 400;\">Speciali\u0219tii de la <\/span><span style=\"font-weight: 400;\">biroul de traduceri<\/span> <b>Lingua Express<\/b><span style=\"font-weight: 400;\"> efectueaz\u0103 aplicarea apostilei pe documente. Procedura poate varia, \u00eens\u0103 \u00een general, <\/span><span style=\"font-weight: 400;\">se \u00eentreprind urm\u0103torii pa\u0219i:<\/span><\/p><p><b>Identificarea documentelor:<\/b><span style=\"font-weight: 400;\"> \u00cen primul r\u00e2nd, este necesar\u0103 identificarea documentelor oficiale care necesit\u0103 aplicarea apostilei<\/span><span style=\"font-weight: 400;\">. Printre ele se num\u0103r\u0103r\u0103<\/span><span style=\"font-weight: 400;\"> certificate de na\u0219tere, de c\u0103s\u0103torie sau de deces, diplome,<\/span><span style=\"font-weight: 400;\"> hot\u0103r\u00e2ri judiciare<\/span><span style=\"font-weight: 400;\">, documente notariale \u0219i altele care sunt necesare pentru utilizare pentru hotare.<\/span><\/p><p><b>Preg\u0103tirea documentelor: <\/b><span style=\"font-weight: 400;\">\u00cenainte de aplicarea apostilei, este important s\u0103 v\u0103 asigura\u021bi c\u0103 documentele au un statut oficial \u0219i respect\u0103 cerin\u021bele institu\u021biei care a emis documentul. Dac\u0103 este necesar\u0103 <\/span><span style=\"font-weight: 400;\">traducerea documentelor<\/span><span style=\"font-weight: 400;\"> \u00eenainte de aplicarea apostilei, suntem bucuro\u0219i s\u0103 v\u0103 ajut\u0103m \u00een acest sens.<\/span><\/p><p><b>Aplicarea apostilei:<\/b><span style=\"font-weight: 400;\"> Dup\u0103 preg\u0103tirea documentelor, acestea sunt prezentate speciali\u0219tilor no\u0219tri pentru aplicarea apostilei. \u00cen acest proces, pe document se aplic\u0103 \u0219tampil\u0103 special\u0103 de apostil\u0103, care confirm\u0103 autenticitatea \u0219i valabilitatea acestuia din punct de vedere juridic.<\/span><\/p><p><b>Verificarea apostilei: <\/b><span style=\"font-weight: 400;\">Dup\u0103 aplicarea apostilei, documentul poate fi verificat de c\u0103tre autorit\u0103\u021bile statului str\u0103in \u00een care va fi prezentat. Apostila face procesul de verificare a documentului facil \u0219i simplu, deoarece autenticitatea acestuia este deja confirmat\u0103 de c\u0103tre autoritatea competent\u0103 din \u021bara emitent\u0103 a documentului.<\/span><\/p><p><span style=\"font-weight: 400;\">Aplicarea apostilei pe documentele oficiale reprezint\u0103 un pas important pentru asigurarea recunoa\u0219terii interna\u021bionale \u0219i a valabilit\u0103\u021bii acestora. Aceast\u0103 procedur\u0103 simplific\u0103 utilizarea documentelor \u00een str\u0103in\u0103tate \u0219i faciliteaz\u0103 procesul de ob\u021binere a documentelor necesare pentru activit\u0103\u021bi interna\u021bionale. Dac\u0103 ave\u021bi nevoie de servicii de aplicare a apostilei, apela\u021bi la<\/span><span style=\"font-weight: 400;\"> birou de traduceri<\/span> <b>Lingua Express<\/b><span style=\"font-weight: 400;\">. Garant\u0103m calitate \u0219i profesionalism \u00een fiecare etap\u0103 a procesului.<\/span><\/p>\t\t\t\t\t<\/div>\n\t\t\t\t\t\t<\/div>\n\t\t\t\t<\/div>\n\t\t\t\t\t\t<\/div>\n\t\t\t\t\t<\/div>\n\t\t<\/div>\n\t\t\t\t\t\t\t\t<\/div>\n\t\t\t\t\t<\/div>\n\t\t<\/section>\n\t\t\t\t<section class=\"wd-negative-gap elementor-section elementor-top-section elementor-element elementor-element-0d1ff7a elementor-section-boxed elementor-section-height-default elementor-section-height-default wd-section-disabled\" data-id=\"0d1ff7a\" data-element_type=\"section\">\n\t\t\t\t\t\t<div class=\"elementor-container elementor-column-gap-default\">\n\t\t\t\t\t\t\t<div class=\"elementor-row\">\n\t\t\t\t\t<div class=\"elementor-column elementor-col-50 elementor-top-column elementor-element elementor-element-e0e9605\" data-id=\"e0e9605\" data-element_type=\"column\">\n\t\t\t<div class=\"elementor-column-wrap elementor-element-populated\">\n\t\t\t\t\t\t\t<div class=\"elementor-widget-wrap\">\n\t\t\t\t\t\t<div class=\"elementor-element elementor-element-a895bc8 elementor-widget elementor-widget-wd_text_block\" data-id=\"a895bc8\" data-element_type=\"widget\" data-widget_type=\"wd_text_block.default\">\n\t\t\t\t<div class=\"elementor-widget-container\">\n\t\t\t\t\t\t<link rel=\"stylesheet\" id=\"wd-text-block-css\" href=\"https:\/\/linguaexpress.md\/wp-content\/themes\/woodmart\/css\/parts\/el-text-block.min.css?ver=7.1.3\" type=\"text\/css\" media=\"all\" \/> \t\t\t\t\t<div class=\"wd-text-block reset-last-child text-left\">\n\t\t\t\n\t\t\t<h2>Biroul de traduceri \u201eLingua Express\u201d<\/h2>\n\t\t\t\t\t<\/div>\n\t\t\t\t<\/div>\n\t\t\t\t<\/div>\n\t\t\t\t<div class=\"elementor-element elementor-element-4d55c20 elementor-widget elementor-widget-wd_text_block\" data-id=\"4d55c20\" data-element_type=\"widget\" data-widget_type=\"wd_text_block.default\">\n\t\t\t\t<div class=\"elementor-widget-container\">\n\t\t\t\t\t<div class=\"wd-text-block reset-last-child text-left\">\n\t\t\t\n\t\t\t<p>Prest\u0103m servicii de traduceri scrise ale documentelor \u0219i textelor pe diferite tematici. De asemenea, efectu\u0103m legalizarea notarial\u0103 a traducerilor \u0219i apostilarea documentelor. Profesionalismul \u0219i receptivitatea colaboratorilor biroului \u201eLingua Express\u201d, politica flexibil\u0103 de pre\u021buri, abordarea individual\u0103 \u0219i solu\u021bionarea celor mai dificile sarcini sunt acele calit\u0103\u021bi, care garanteaz\u0103 clien\u021bilor no\u0219tri o deservire confortabil\u0103 \u0219i un rezultat calitativ.<\/p><p>Traduc\u0103torii companiei lucreaz\u0103 cu texte din domeniul juridic, economic, tehnic \u0219i medical. Nivelul \u0219i calitatea traducerilor efectuate sunt confirmate prin colaborarea noastr\u0103 permanent\u0103 cu \u00eentreprinderile agricole \u0219i industriale mari din regiune, cu organele de stat \u0219i institu\u021biile medicale.<\/p><p>De asemenea consult\u0103m gratis cet\u0103\u021benii privind preg\u0103tirea diferitor tipuri de documente pentru cet\u0103\u021beni, necesare pentru ob\u021binerea permisului de \u0219edere, a cet\u0103\u021beniei sau \u00eencheierii c\u0103s\u0103toriei. Documentele perfectate cu ajutorul nostru vor corespunde tuturor cerin\u021belor organelor de stat ale Federa\u021biei Ruse, Bulgariei, Rom\u00e2niei, Turciei, Italiei, etc.<\/p><p>Biroul de traduceri \u201eLingua Express\u201d este o companie verificat\u0103 de timp \u0219i de partenerii no\u0219tri din Comrat \u0219i alte ora\u0219e din sudul Moldovei. Noi suntem partenerul dvs. de \u00eencredere \u00een aceast\u0103 sfer\u0103 de servicii.<\/p>\n\t\t\t\t\t<\/div>\n\t\t\t\t<\/div>\n\t\t\t\t<\/div>\n\t\t\t\t\t\t<\/div>\n\t\t\t\t\t<\/div>\n\t\t<\/div>\n\t\t\t\t<div class=\"elementor-column elementor-col-50 elementor-top-column elementor-element elementor-element-3e64cfb\" data-id=\"3e64cfb\" data-element_type=\"column\">\n\t\t\t<div class=\"elementor-column-wrap elementor-element-populated\">\n\t\t\t\t\t\t\t<div class=\"elementor-widget-wrap\">\n\t\t\t\t\t\t<div class=\"elementor-element elementor-element-5f3d1e5 elementor-widget elementor-widget-wd_text_block\" data-id=\"5f3d1e5\" data-element_type=\"widget\" data-widget_type=\"wd_text_block.default\">\n\t\t\t\t<div class=\"elementor-widget-container\">\n\t\t\t\t\t<div class=\"wd-text-block reset-last-child text-left\">\n\t\t\t\n\t\t\t<h2>L\u0103sa\u021bi-ne o cerere.<\/h2>\n\t\t\t\t\t<\/div>\n\t\t\t\t<\/div>\n\t\t\t\t<\/div>\n\t\t\t\t<div class=\"elementor-element elementor-element-786ffe3 elementor-widget elementor-widget-wd_text_block\" data-id=\"786ffe3\" data-element_type=\"widget\" data-widget_type=\"wd_text_block.default\">\n\t\t\t\t<div class=\"elementor-widget-container\">\n\t\t\t\t\t<div class=\"wd-text-block reset-last-child text-left\">\n\t\t\t\n\t\t\t<h4>Managerii no\u0219tri vor lua leg\u0103tura cu dumneavoastr\u0103 \u00een cel mai scurt timp!<\/h4>\n\t\t\t\t\t<\/div>\n\t\t\t\t<\/div>\n\t\t\t\t<\/div>\n\t\t\t\t<div class=\"elementor-element elementor-element-02310e4 itm-formm elementor-widget elementor-widget-shortcode\" data-id=\"02310e4\" data-element_type=\"widget\" data-widget_type=\"shortcode.default\">\n\t\t\t\t<div class=\"elementor-widget-container\">\n\t\t\t\t\t<div class=\"elementor-shortcode\">\n<div class=\"wpcf7 no-js\" id=\"wpcf7-f1981-o1\" lang=\"ro-RO\" dir=\"ltr\">\n<div class=\"screen-reader-response\"><p role=\"status\" aria-live=\"polite\" aria-atomic=\"true\"><\/p> <ul><\/ul><\/div>\n<form action=\"\/ro\/wp-json\/wp\/v2\/pages\/2000#wpcf7-f1981-o1\" method=\"post\" class=\"wpcf7-form init\" aria-label=\"Formular de contact\" novalidate=\"novalidate\" data-status=\"init\">\n<div style=\"display: none;\">\n<input type=\"hidden\" name=\"_wpcf7\" value=\"1981\" \/>\n<input type=\"hidden\" name=\"_wpcf7_version\" value=\"5.7.4\" \/>\n<input type=\"hidden\" name=\"_wpcf7_locale\" value=\"ro_RO\" \/>\n<input type=\"hidden\" name=\"_wpcf7_unit_tag\" value=\"wpcf7-f1981-o1\" \/>\n<input type=\"hidden\" name=\"_wpcf7_container_post\" value=\"0\" \/>\n<input type=\"hidden\" name=\"_wpcf7_posted_data_hash\" value=\"\" \/>\n<\/div>\n<div class=\"itm-form\">\n\t<p><span class=\"wpcf7-form-control-wrap\" data-name=\"your-name\"><input size=\"40\" class=\"wpcf7-form-control wpcf7-text\" autocomplete=\"name\" aria-invalid=\"false\" placeholder=\"Nume\" value=\"\" type=\"text\" name=\"your-name\" \/><\/span>\n\t<\/p>\n\t<p><span class=\"wpcf7-form-control-wrap\" data-name=\"tel-248\"><input size=\"40\" class=\"wpcf7-form-control wpcf7-text wpcf7-tel wpcf7-validates-as-required wpcf7-validates-as-tel\" aria-required=\"true\" aria-invalid=\"false\" placeholder=\"Telefon\" value=\"\" type=\"tel\" name=\"tel-248\" \/><\/span>\n\t<\/p>\n\t<p><span class=\"wpcf7-form-control-wrap\" data-name=\"your-email\"><input size=\"40\" class=\"wpcf7-form-control wpcf7-text wpcf7-email wpcf7-validates-as-email\" autocomplete=\"email\" aria-invalid=\"false\" placeholder=\"E-mail\" value=\"\" type=\"email\" name=\"your-email\" \/><\/span>\n\t<\/p>\n\t<p><span class=\"wpcf7-form-control-wrap\" data-name=\"your-message\"><textarea cols=\"40\" rows=\"10\" class=\"wpcf7-form-control wpcf7-textarea\" aria-invalid=\"false\" placeholder=\"Mesaj\" name=\"your-message\"><\/textarea><\/span>\n\t<\/p>\n\t<p><input class=\"wpcf7-form-control has-spinner wpcf7-submit\" type=\"submit\" value=\"Trimite\" \/>\n\t<\/p>\n<\/div><div class=\"wpcf7-response-output\" aria-hidden=\"true\"><\/div>\n<\/form>\n<\/div>\n<\/div>\n\t\t\t\t<\/div>\n\t\t\t\t<\/div>\n\t\t\t\t\t\t<\/div>\n\t\t\t\t\t<\/div>\n\t\t<\/div>\n\t\t\t\t\t\t\t\t<\/div>\n\t\t\t\t\t<\/div>\n\t\t<\/section>\n\t\t\t\t\t\t\t\t\t<\/div>\n\t\t\t<\/div>\n\t\t\t\t\t<\/div>\n\t\t","protected":false},"excerpt":{"rendered":"<p>\u00cen caz de necesitate, biroul nostru de traduceri v\u0103 va ajuta s\u0103 aplica\u021bi apostila pe documente. Acest lucru va u\u0219ura<\/p>\n","protected":false},"author":1,"featured_media":0,"parent":0,"menu_order":0,"comment_status":"closed","ping_status":"closed","template":"","meta":{"_mi_skip_tracking":false},"aioseo_notices":[],"_links":{"self":[{"href":"https:\/\/linguaexpress.md\/ro\/wp-json\/wp\/v2\/pages\/2000"}],"collection":[{"href":"https:\/\/linguaexpress.md\/ro\/wp-json\/wp\/v2\/pages"}],"about":[{"href":"https:\/\/linguaexpress.md\/ro\/wp-json\/wp\/v2\/types\/page"}],"author":[{"embeddable":true,"href":"https:\/\/linguaexpress.md\/ro\/wp-json\/wp\/v2\/users\/1"}],"replies":[{"embeddable":true,"href":"https:\/\/linguaexpress.md\/ro\/wp-json\/wp\/v2\/comments?post=2000"}],"version-history":[{"count":7,"href":"https:\/\/linguaexpress.md\/ro\/wp-json\/wp\/v2\/pages\/2000\/revisions"}],"predecessor-version":[{"id":2186,"href":"https:\/\/linguaexpress.md\/ro\/wp-json\/wp\/v2\/pages\/2000\/revisions\/2186"}],"wp:attachment":[{"href":"https:\/\/linguaexpress.md\/ro\/wp-json\/wp\/v2\/media?parent=2000"}],"curies":[{"name":"wp","href":"https:\/\/api.w.org\/{rel}","templated":true}]}}