{"id":1998,"date":"2023-03-19T19:33:01","date_gmt":"2023-03-19T19:33:01","guid":{"rendered":"http:\/\/linguaexpress.md\/traducerea-documentelor-si-textelor\/"},"modified":"2024-04-02T09:24:33","modified_gmt":"2024-04-02T09:24:33","slug":"traducerea-documentelor-si-textelor","status":"publish","type":"page","link":"https:\/\/linguaexpress.md\/ro\/traducerea-documentelor-si-textelor\/","title":{"rendered":"Traducerea documentelor \u0219i textelor"},"content":{"rendered":"\t\t<div data-elementor-type=\"wp-page\" data-elementor-id=\"1998\" class=\"elementor elementor-1998 elementor-1783\">\n\t\t\t\t\t\t<div class=\"elementor-inner\">\n\t\t\t\t<div class=\"elementor-section-wrap\">\n\t\t\t\t\t\t\t\t\t<section class=\"wd-negative-gap elementor-section elementor-top-section elementor-element elementor-element-289b0fb elementor-section-boxed elementor-section-height-default elementor-section-height-default wd-section-disabled\" data-id=\"289b0fb\" data-element_type=\"section\">\n\t\t\t\t\t\t<div class=\"elementor-container elementor-column-gap-default\">\n\t\t\t\t\t\t\t<div class=\"elementor-row\">\n\t\t\t\t\t<div class=\"elementor-column elementor-col-50 elementor-top-column elementor-element elementor-element-3ff4734\" data-id=\"3ff4734\" data-element_type=\"column\">\n\t\t\t<div class=\"elementor-column-wrap elementor-element-populated\">\n\t\t\t\t\t\t\t<div class=\"elementor-widget-wrap\">\n\t\t\t\t\t\t<div class=\"elementor-element elementor-element-666f02e color-scheme-inherit text-left elementor-widget elementor-widget-text-editor\" data-id=\"666f02e\" data-element_type=\"widget\" data-widget_type=\"text-editor.default\">\n\t\t\t\t<div class=\"elementor-widget-container\">\n\t\t\t\t\t\t\t\t<div class=\"elementor-text-editor elementor-clearfix\">\n\t\t\t\t<div id=\"pl-1234\" class=\"panel-layout\"><div id=\"pg-1234-0\" class=\"panel-grid panel-no-style\" data-style=\"{\" data-ratio=\"1\" data-ratio-direction=\"right\"><div id=\"pgc-1234-0-0\" class=\"panel-grid-cell\" data-weight=\"1\"><div id=\"panel-1234-0-0-0\" class=\"so-panel widget widget_text panel-first-child panel-last-child\" data-index=\"0\" data-style=\"{\"><div class=\"flash_inherit_color panel-widget-style panel-widget-style-for-1234-0-0-0\"><div class=\"textwidget\"><p><span style=\"font-weight: 400;\">Zilnic o mul\u021bime de oameni pleac\u0103 peste hotare pentru a ob\u021bine studii, a ob\u021bine un job mai bun, a se c\u0103s\u0103tori sau pur \u0219i simplu pentru a dob\u00e2ndi alt\u0103 cet\u0103\u021benie \u0219i a r\u0103m\u00e2ne cu traiul \u00eentr-un alt stat. Pentru acest lucru este necesar, \u00een primul r\u00e2nd, de tradus documentele personale, a le legaliza notarial \u0219i, \u00een unele cazuri, a le apostila. O munc\u0103 astfel de important\u0103 trebuie \u00eencredin\u021bat\u0103 doar profesioni\u0219tilor cu experien\u021b\u0103, care abordeaz\u0103 responsabil activitatea sa. Anume din acest motiv biroul nostru de traduceri \u201eLingua Express\u201d de peste 15 ani este unul dintre cele mai solicitate birouri de traduceri din Comrat.<\/span><\/p><\/div><\/div><\/div><\/div><\/div><\/div>\t\t\t\t\t<\/div>\n\t\t\t\t\t\t<\/div>\n\t\t\t\t<\/div>\n\t\t\t\t<div class=\"elementor-element elementor-element-071a6a4 color-scheme-inherit text-left elementor-widget elementor-widget-text-editor\" data-id=\"071a6a4\" data-element_type=\"widget\" data-widget_type=\"text-editor.default\">\n\t\t\t\t<div class=\"elementor-widget-container\">\n\t\t\t\t\t\t\t\t<div class=\"elementor-text-editor elementor-clearfix\">\n\t\t\t\t<h2><b>Care documente personale pot fi traduse \u00een biroul de traduceri \u201eLingua Express\u201d?<\/b><\/h2><ol><li style=\"font-weight: 400;\" aria-level=\"1\"><span style=\"font-weight: 400;\">Documentele care stabilesc identitatea: certificatul de na\u0219tere, buletinul de identitate, pa\u0219aportul pentru str\u0103in\u0103tate, permisul de conducere.<\/span><\/li><li style=\"font-weight: 400;\" aria-level=\"1\"><span style=\"font-weight: 400;\">Documentele care stabilesc activitatea de munc\u0103: carnetul de munc\u0103, legitima\u021bia de pensionar, certificatul de la locul de munc\u0103.\u00a0<\/span><\/li><li style=\"font-weight: 400;\" aria-level=\"1\"><span style=\"font-weight: 400;\">Documentele de studii: atestat, diplom\u0103, carnet de note, certificat de la locul de studii.<\/span><\/li><li style=\"font-weight: 400;\" aria-level=\"1\"><span style=\"font-weight: 400;\">Documentele eliberate de organele de stare civil\u0103: certificatul de c\u0103s\u0103torie sau de divor\u021b, certificatul de na\u0219tere sau deces.<\/span><\/li><li style=\"font-weight: 400;\" aria-level=\"1\"><span style=\"font-weight: 400;\">Alte documente: certificatul de cazier judiciar sau alte adeverin\u021be eliberate de organele competente.\u00a0<\/span><\/li><\/ol><p><span style=\"font-weight: 400;\">Colaboratorii biroului de traduceri \u201eLingua Express\u201d vor \u00eentocmi traducerea oric\u0103rui din documentele sus-men\u021bionate, \u0219i nu numai, precum \u0219i v\u0103 vor consulta gratuit \u00een privin\u021ba tuturor \u00eentreb\u0103rilor care v\u0103 intereseaz\u0103 \u0219i care nu v\u0103 sunt cunoscute. Prest\u0103m servicii de traduceri din\/\u00een peste 20 de limbi ale lumii.<\/span><\/p>\t\t\t\t\t<\/div>\n\t\t\t\t\t\t<\/div>\n\t\t\t\t<\/div>\n\t\t\t\t\t\t<\/div>\n\t\t\t\t\t<\/div>\n\t\t<\/div>\n\t\t\t\t<div class=\"elementor-column elementor-col-50 elementor-top-column elementor-element elementor-element-6b84bc6\" data-id=\"6b84bc6\" data-element_type=\"column\">\n\t\t\t<div class=\"elementor-column-wrap elementor-element-populated\">\n\t\t\t\t\t\t\t<div class=\"elementor-widget-wrap\">\n\t\t\t\t\t\t<div class=\"elementor-element elementor-element-82bae11 elementor-widget elementor-widget-wd_image_or_svg\" data-id=\"82bae11\" data-element_type=\"widget\" data-widget_type=\"wd_image_or_svg.default\">\n\t\t\t\t<div class=\"elementor-widget-container\">\n\t\t\t\n\t\t<div class=\"wd-image text-left\">\n\t\t\t\t\t\t\t\t<img width=\"1024\" height=\"1024\" src=\"https:\/\/linguaexpress.md\/wp-content\/uploads\/2023\/02\/DeniksD_photorealistic_pen_singning_documents_90f62ca3-81dd-4e99-b0ea-683d9433956a.png\" class=\"attachment-full size-full wp-image-1632\" alt=\"\" decoding=\"async\" loading=\"lazy\" srcset=\"https:\/\/linguaexpress.md\/wp-content\/uploads\/2023\/02\/DeniksD_photorealistic_pen_singning_documents_90f62ca3-81dd-4e99-b0ea-683d9433956a.png 1024w, https:\/\/linguaexpress.md\/wp-content\/uploads\/2023\/02\/DeniksD_photorealistic_pen_singning_documents_90f62ca3-81dd-4e99-b0ea-683d9433956a-300x300.png 300w, https:\/\/linguaexpress.md\/wp-content\/uploads\/2023\/02\/DeniksD_photorealistic_pen_singning_documents_90f62ca3-81dd-4e99-b0ea-683d9433956a-150x150.png 150w, https:\/\/linguaexpress.md\/wp-content\/uploads\/2023\/02\/DeniksD_photorealistic_pen_singning_documents_90f62ca3-81dd-4e99-b0ea-683d9433956a-768x768.png 768w\" sizes=\"(max-width: 1024px) 100vw, 1024px\" \/>\t\t\t\t\t<\/div>\n\n\t\t\t\t<\/div>\n\t\t\t\t<\/div>\n\t\t\t\t<div class=\"elementor-element elementor-element-13c1c50 elementor-align-center itm-buttonz elementor-widget elementor-widget-button\" data-id=\"13c1c50\" data-element_type=\"widget\" data-widget_type=\"button.default\">\n\t\t\t\t<div class=\"elementor-widget-container\">\n\t\t\t\t\t<div class=\"elementor-button-wrapper\">\n\t\t\t<a href=\"tel:+37379773270\" class=\"elementor-button-link elementor-button elementor-size-sm\" role=\"button\">\n\t\t\t\t\t\t<span class=\"elementor-button-content-wrapper\">\n\t\t\t\t\t\t<span class=\"elementor-button-text\">Contacta\u0163i-ne<\/span>\n\t\t<\/span>\n\t\t\t\t\t<\/a>\n\t\t<\/div>\n\t\t\t\t<\/div>\n\t\t\t\t<\/div>\n\t\t\t\t\t\t<\/div>\n\t\t\t\t\t<\/div>\n\t\t<\/div>\n\t\t\t\t\t\t\t\t<\/div>\n\t\t\t\t\t<\/div>\n\t\t<\/section>\n\t\t\t\t<section class=\"wd-negative-gap elementor-section elementor-top-section elementor-element elementor-element-1de069e elementor-section-boxed elementor-section-height-default elementor-section-height-default wd-section-disabled\" data-id=\"1de069e\" data-element_type=\"section\">\n\t\t\t\t\t\t<div class=\"elementor-container elementor-column-gap-default\">\n\t\t\t\t\t\t\t<div class=\"elementor-row\">\n\t\t\t\t\t<div class=\"elementor-column elementor-col-100 elementor-top-column elementor-element elementor-element-ab28704\" data-id=\"ab28704\" data-element_type=\"column\">\n\t\t\t<div class=\"elementor-column-wrap elementor-element-populated\">\n\t\t\t\t\t\t\t<div class=\"elementor-widget-wrap\">\n\t\t\t\t\t\t<div class=\"elementor-element elementor-element-e08e9c0 color-scheme-inherit text-left elementor-widget elementor-widget-text-editor\" data-id=\"e08e9c0\" data-element_type=\"widget\" data-widget_type=\"text-editor.default\">\n\t\t\t\t<div class=\"elementor-widget-container\">\n\t\t\t\t\t\t\t\t<div class=\"elementor-text-editor elementor-clearfix\">\n\t\t\t\t<div id=\"pl-1234\" class=\"panel-layout\"><div id=\"pg-1234-0\" class=\"panel-grid panel-no-style\" data-style=\"{\" data-ratio=\"1\" data-ratio-direction=\"right\"><div id=\"pgc-1234-0-0\" class=\"panel-grid-cell\" data-weight=\"1\"><div id=\"panel-1234-0-0-0\" class=\"so-panel widget widget_text panel-first-child panel-last-child\" data-index=\"0\" data-style=\"{\"><div class=\"flash_inherit_color panel-widget-style panel-widget-style-for-1234-0-0-0\"><div class=\"textwidget\"><p><span style=\"font-weight: 400;\">Un moment important \u00een traducerea documentelor personale este calificarea cuvenit\u0103 a traduc\u0103torului. To\u021bi traduc\u0103torii no\u0219tri sunt speciali\u0219ti \u00eenalt califica\u021bi, care de\u021bin autoriza\u021biile corespunz\u0103toare emise de Ministerul Justi\u021biei al Republicii Moldova, iar \u00een unele cazuri sunt chiar \u0219i vorbitori ai limbii.<\/span><\/p><p><span style=\"font-weight: 400;\">Multe persoane fizice \u0219i juridice, precum \u0219i organele de stat adesea au nevoie de traducerea textelor din diverse domenii. Biroul nostru de traduceri \u201eLingua Express\u201d din Comrat efectueaz\u0103 traducerea textelor din urm\u0103toarele domenii:<\/span><\/p><ul><li style=\"font-weight: 400;\" aria-level=\"1\"><span style=\"font-weight: 400;\">Traducere tehnic\u0103: desene tehnice, instruc\u021biuni, certificate tehnice, etc.<\/span><\/li><li style=\"font-weight: 400;\" aria-level=\"1\"><span style=\"font-weight: 400;\">Traducere juridic\u0103: contracte, acorduri, contracte de v\u00e2nzare-cump\u0103rare \u0219i chirie, acorduri de leasing, poli\u021be de asigurare, etc.<\/span><\/li><li style=\"font-weight: 400;\" aria-level=\"1\"><span style=\"font-weight: 400;\">Traducere medical\u0103: adeverin\u021be medicale, extrase, analize, concluzii medicale, etc.<\/span><\/li><li style=\"font-weight: 400;\" aria-level=\"1\"><span style=\"font-weight: 400;\">Traducere financiar\u0103: documente financiare, rapoarte, facturi, ordonan\u021be de plat\u0103, rezultatele verific\u0103rilor de audit, etc.<\/span><\/li><li style=\"font-weight: 400;\" aria-level=\"1\"><span style=\"font-weight: 400;\">Traducerea paginilor web \u0219i a aplica\u021biilor.\u00a0<\/span><\/li><\/ul><p><span style=\"font-weight: 400;\">Aceste tipuri de traduceri sunt calculate \u00een dependen\u021b\u0103 de nivelul de dificultate, precum \u0219i de num\u0103rul de simboluri.<\/span><\/p><\/div><\/div><\/div><\/div><\/div><\/div>\t\t\t\t\t<\/div>\n\t\t\t\t\t\t<\/div>\n\t\t\t\t<\/div>\n\t\t\t\t\t\t<\/div>\n\t\t\t\t\t<\/div>\n\t\t<\/div>\n\t\t\t\t\t\t\t\t<\/div>\n\t\t\t\t\t<\/div>\n\t\t<\/section>\n\t\t\t\t<section class=\"wd-negative-gap elementor-section elementor-top-section elementor-element elementor-element-0d046a7 elementor-section-boxed elementor-section-height-default elementor-section-height-default wd-section-disabled\" data-id=\"0d046a7\" data-element_type=\"section\">\n\t\t\t\t\t\t<div class=\"elementor-container elementor-column-gap-default\">\n\t\t\t\t\t\t\t<div class=\"elementor-row\">\n\t\t\t\t\t<div class=\"elementor-column elementor-col-100 elementor-top-column elementor-element elementor-element-2fac5ac\" data-id=\"2fac5ac\" data-element_type=\"column\">\n\t\t\t<div class=\"elementor-column-wrap elementor-element-populated\">\n\t\t\t\t\t\t\t<div class=\"elementor-widget-wrap\">\n\t\t\t\t\t\t<div class=\"elementor-element elementor-element-2047d00 elementor-widget elementor-widget-heading\" data-id=\"2047d00\" data-element_type=\"widget\" data-widget_type=\"heading.default\">\n\t\t\t\t<div class=\"elementor-widget-container\">\n\t\t\t<h2 class=\"elementor-heading-title elementor-size-default\">Traducerea documentelor cu autentificare notarial\u0103 prin intermediul Lingua Express\n<\/h2>\t\t<\/div>\n\t\t\t\t<\/div>\n\t\t\t\t<div class=\"elementor-element elementor-element-3196b67 color-scheme-inherit text-left elementor-widget elementor-widget-text-editor\" data-id=\"3196b67\" data-element_type=\"widget\" data-widget_type=\"text-editor.default\">\n\t\t\t\t<div class=\"elementor-widget-container\">\n\t\t\t\t\t\t\t\t<div class=\"elementor-text-editor elementor-clearfix\">\n\t\t\t\t<p><span style=\"font-weight: 400;\">Traducerea de documente<\/span><span style=\"font-weight: 400;\"> autentificat\u0103 notarial este o component\u0103 indispensabil\u0103 a multor procese juridice, comerciale \u0219i de imigrare. \u00cen lumea modern\u0103, \u00een care globalizarea joac\u0103 un rol cheie, necesitatea unor traduceri de calitate cu autentificare notarial\u0103 devine tot mai stringent\u0103. <\/span><span style=\"font-weight: 400;\">Birou de traduceri<\/span><span style=\"font-weight: 400;\"> Lingua Express se num\u0103r\u0103 printre principalele companii din Moldova care ofer\u0103 servicii de \u00eenalt\u0103 calitate \u00een acest domeniu.<\/span><\/p><p><span style=\"font-weight: 400;\">La <\/span><span style=\"font-weight: 400;\">birou de traduceri <\/span><span style=\"font-weight: 400;\">Lingua Express, fiecare document tradus reprezint\u0103 rezultatul unei analize atente, a unei abord\u0103ri profesioniste \u0219i a unei expertize de calitate. Indiferent dac\u0103 ave\u021bi nevoie de traducerea documentelor personale, a acordurilor corporative sau a documentelor juridice, echipa Lingua Express garanteaz\u0103 cel mai \u00eenalt nivel de calitate \u0219i precizie pentru fiecare traducere.<\/span><\/p><p><span style=\"font-weight: 400;\">Procesul de traducere \u0219i autentificare a documentelor cuprinde mai multe etape, \u00eencep\u00e2nd cu o analiz\u0103 atent\u0103 a documentului surs\u0103 \u0219i \u00eencheind cu autentificarea notarial\u0103 a traducerii. Fiecare etap\u0103 este realizat\u0103 cu cea mai mare aten\u021bie \u0219i aten\u021bie la detalii. Traduc\u0103torii Lingua Express nu numai c\u0103 au o excelent\u0103 cunoa\u0219tere a limbilor, dar \u0219i o \u00een\u021belegere profund\u0103 a termenilor juridici \u0219i a specificului legisla\u021biei locale din diferite \u021b\u0103ri.<\/span><\/p><p><span style=\"font-weight: 400;\">Unul dintre avantajele cheie ale colabor\u0103rii cu<\/span><span style=\"font-weight: 400;\"> birou de traduceri<\/span><span style=\"font-weight: 400;\"> Lingua Express este capacitatea noastr\u0103 de a ne adapta la diversele cerin\u021be ale clien\u021bilor. Indiferent dac\u0103 ave\u021bi nevoie de o traducere pentru uz personal, scopuri de afaceri sau procese de imigrare, Lingua Express ofer\u0103 o abordare individualizat\u0103 \u0219i un nivel \u00eenalt de servicii.<\/span><\/p><p><span style=\"font-weight: 400;\">Securitatea \u0219i confiden\u021bialitatea informa\u021biilor sunt prioritare pentru Lingua Express. Toate documentele furnizate pentru traducere sunt procesate conform celor mai stricte standarde de confiden\u021bialitate, iar accesul la acestea este permis doar traduc\u0103torilor \u0219i angaja\u021bilor special instrui\u021bi ai biroului.<\/span><\/p><p><span style=\"font-weight: 400;\">Traduceri legalizate notarial<\/span><span style=\"font-weight: 400;\"> asigur\u0103 statutul oficial a documentului \u0219i recunoa\u0219te puterea juridic\u0103 \u00een \u021bara \u00een care va fi utilizat. <\/span><span style=\"font-weight: 400;\">Birou de traduceri<\/span><span style=\"font-weight: 400;\"> Lingua Express colaboreaz\u0103 cu notari experimenta\u021bi, garant\u00e2nd c\u0103 fiecare traducere va fi autentificat\u0103 corect \u0219i recunoscut\u0103 \u00een conformitate cu cerin\u021bele legislative locale.<\/span><\/p><p><span style=\"font-weight: 400;\">Traducerea documentelor<\/span><span style=\"font-weight: 400;\"> cu autentificare notarial\u0103 de la Lingua Express reprezint\u0103 o solu\u021bie de \u00eencredere pentru cei care apreciaz\u0103 calitatea, precizia \u0219i profesionalismul. Indiferent de complexitatea sarcinii sau de urgen\u021ba proiectului, <\/span><span style=\"font-weight: 400;\">birou de traduceri<\/span><span style=\"font-weight: 400;\"> Lingua Express este preg\u0103tit s\u0103 ofere servicii de \u00eenalt\u0103 calitate, care s\u0103 satisfac\u0103 cele mai stricte cerin\u021be ale clien\u021bilor.<\/span><\/p><p><br \/><br \/><\/p>\t\t\t\t\t<\/div>\n\t\t\t\t\t\t<\/div>\n\t\t\t\t<\/div>\n\t\t\t\t\t\t<\/div>\n\t\t\t\t\t<\/div>\n\t\t<\/div>\n\t\t\t\t\t\t\t\t<\/div>\n\t\t\t\t\t<\/div>\n\t\t<\/section>\n\t\t\t\t<section class=\"wd-negative-gap elementor-section elementor-top-section elementor-element elementor-element-780d0ed elementor-section-boxed elementor-section-height-default elementor-section-height-default wd-section-disabled\" data-id=\"780d0ed\" data-element_type=\"section\">\n\t\t\t\t\t\t<div class=\"elementor-container elementor-column-gap-default\">\n\t\t\t\t\t\t\t<div class=\"elementor-row\">\n\t\t\t\t\t<div class=\"elementor-column elementor-col-50 elementor-top-column elementor-element elementor-element-262cf0b\" data-id=\"262cf0b\" data-element_type=\"column\">\n\t\t\t<div class=\"elementor-column-wrap elementor-element-populated\">\n\t\t\t\t\t\t\t<div class=\"elementor-widget-wrap\">\n\t\t\t\t\t\t<div class=\"elementor-element elementor-element-9e71538 elementor-widget elementor-widget-wd_text_block\" data-id=\"9e71538\" data-element_type=\"widget\" data-widget_type=\"wd_text_block.default\">\n\t\t\t\t<div class=\"elementor-widget-container\">\n\t\t\t\t\t\t<link rel=\"stylesheet\" id=\"wd-text-block-css\" href=\"https:\/\/linguaexpress.md\/wp-content\/themes\/woodmart\/css\/parts\/el-text-block.min.css?ver=7.1.3\" type=\"text\/css\" media=\"all\" \/> \t\t\t\t\t<div class=\"wd-text-block reset-last-child text-left\">\n\t\t\t\n\t\t\t<h2>Biroul de traduceri \u201eLingua Express\u201d<\/h2>\n\t\t\t\t\t<\/div>\n\t\t\t\t<\/div>\n\t\t\t\t<\/div>\n\t\t\t\t<div class=\"elementor-element elementor-element-38888f0 elementor-widget elementor-widget-wd_text_block\" data-id=\"38888f0\" data-element_type=\"widget\" data-widget_type=\"wd_text_block.default\">\n\t\t\t\t<div class=\"elementor-widget-container\">\n\t\t\t\t\t<div class=\"wd-text-block reset-last-child text-left\">\n\t\t\t\n\t\t\t<p>Prest\u0103m servicii de traduceri scrise ale documentelor \u0219i textelor pe diferite tematici. De asemenea, efectu\u0103m legalizarea notarial\u0103 a traducerilor \u0219i apostilarea documentelor. Profesionalismul \u0219i receptivitatea colaboratorilor biroului \u201eLingua Express\u201d, politica flexibil\u0103 de pre\u021buri, abordarea individual\u0103 \u0219i solu\u021bionarea celor mai dificile sarcini sunt acele calit\u0103\u021bi, care garanteaz\u0103 clien\u021bilor no\u0219tri o deservire confortabil\u0103 \u0219i un rezultat calitativ.<\/p><p>Traduc\u0103torii companiei lucreaz\u0103 cu texte din domeniul juridic, economic, tehnic \u0219i medical. Nivelul \u0219i calitatea traducerilor efectuate sunt confirmate prin colaborarea noastr\u0103 permanent\u0103 cu \u00eentreprinderile agricole \u0219i industriale mari din regiune, cu organele de stat \u0219i institu\u021biile medicale.<\/p><p>De asemenea consult\u0103m gratis cet\u0103\u021benii privind preg\u0103tirea diferitor tipuri de documente pentru cet\u0103\u021beni, necesare pentru ob\u021binerea permisului de \u0219edere, a cet\u0103\u021beniei sau \u00eencheierii c\u0103s\u0103toriei. Documentele perfectate cu ajutorul nostru vor corespunde tuturor cerin\u021belor organelor de stat ale Federa\u021biei Ruse, Bulgariei, Rom\u00e2niei, Turciei, Italiei, etc.<\/p><p>Biroul de traduceri \u201eLingua Express\u201d este o companie verificat\u0103 de timp \u0219i de partenerii no\u0219tri din Comrat \u0219i alte ora\u0219e din sudul Moldovei. Noi suntem partenerul dvs. de \u00eencredere \u00een aceast\u0103 sfer\u0103 de servicii.<\/p>\n\t\t\t\t\t<\/div>\n\t\t\t\t<\/div>\n\t\t\t\t<\/div>\n\t\t\t\t\t\t<\/div>\n\t\t\t\t\t<\/div>\n\t\t<\/div>\n\t\t\t\t<div class=\"elementor-column elementor-col-50 elementor-top-column elementor-element elementor-element-b3b4502\" data-id=\"b3b4502\" data-element_type=\"column\">\n\t\t\t<div class=\"elementor-column-wrap elementor-element-populated\">\n\t\t\t\t\t\t\t<div class=\"elementor-widget-wrap\">\n\t\t\t\t\t\t<div class=\"elementor-element elementor-element-03ac591 elementor-widget elementor-widget-wd_text_block\" data-id=\"03ac591\" data-element_type=\"widget\" data-widget_type=\"wd_text_block.default\">\n\t\t\t\t<div class=\"elementor-widget-container\">\n\t\t\t\t\t<div class=\"wd-text-block reset-last-child text-left\">\n\t\t\t\n\t\t\t<h2>L\u0103sa\u021bi-ne o cerere.<\/h2>\n\t\t\t\t\t<\/div>\n\t\t\t\t<\/div>\n\t\t\t\t<\/div>\n\t\t\t\t<div class=\"elementor-element elementor-element-7d628b9 elementor-widget elementor-widget-wd_text_block\" data-id=\"7d628b9\" data-element_type=\"widget\" data-widget_type=\"wd_text_block.default\">\n\t\t\t\t<div class=\"elementor-widget-container\">\n\t\t\t\t\t<div class=\"wd-text-block reset-last-child text-left\">\n\t\t\t\n\t\t\t<h4>Managerii no\u0219tri vor lua leg\u0103tura cu dumneavoastr\u0103 \u00een cel mai scurt timp!<\/h4>\n\t\t\t\t\t<\/div>\n\t\t\t\t<\/div>\n\t\t\t\t<\/div>\n\t\t\t\t<div class=\"elementor-element elementor-element-d34fd95 itm-formm elementor-widget elementor-widget-shortcode\" data-id=\"d34fd95\" data-element_type=\"widget\" data-widget_type=\"shortcode.default\">\n\t\t\t\t<div class=\"elementor-widget-container\">\n\t\t\t\t\t<div class=\"elementor-shortcode\">\n<div class=\"wpcf7 no-js\" id=\"wpcf7-f1981-o1\" lang=\"ro-RO\" dir=\"ltr\">\n<div class=\"screen-reader-response\"><p role=\"status\" aria-live=\"polite\" aria-atomic=\"true\"><\/p> <ul><\/ul><\/div>\n<form action=\"\/ro\/wp-json\/wp\/v2\/pages\/1998#wpcf7-f1981-o1\" method=\"post\" class=\"wpcf7-form init\" aria-label=\"Formular de contact\" novalidate=\"novalidate\" data-status=\"init\">\n<div style=\"display: none;\">\n<input type=\"hidden\" name=\"_wpcf7\" value=\"1981\" \/>\n<input type=\"hidden\" name=\"_wpcf7_version\" value=\"5.7.4\" \/>\n<input type=\"hidden\" name=\"_wpcf7_locale\" value=\"ro_RO\" \/>\n<input type=\"hidden\" name=\"_wpcf7_unit_tag\" value=\"wpcf7-f1981-o1\" \/>\n<input type=\"hidden\" name=\"_wpcf7_container_post\" value=\"0\" \/>\n<input type=\"hidden\" name=\"_wpcf7_posted_data_hash\" value=\"\" \/>\n<\/div>\n<div class=\"itm-form\">\n\t<p><span class=\"wpcf7-form-control-wrap\" data-name=\"your-name\"><input size=\"40\" class=\"wpcf7-form-control wpcf7-text\" autocomplete=\"name\" aria-invalid=\"false\" placeholder=\"Nume\" value=\"\" type=\"text\" name=\"your-name\" \/><\/span>\n\t<\/p>\n\t<p><span class=\"wpcf7-form-control-wrap\" data-name=\"tel-248\"><input size=\"40\" class=\"wpcf7-form-control wpcf7-text wpcf7-tel wpcf7-validates-as-required wpcf7-validates-as-tel\" aria-required=\"true\" aria-invalid=\"false\" placeholder=\"Telefon\" value=\"\" type=\"tel\" name=\"tel-248\" \/><\/span>\n\t<\/p>\n\t<p><span class=\"wpcf7-form-control-wrap\" data-name=\"your-email\"><input size=\"40\" class=\"wpcf7-form-control wpcf7-text wpcf7-email wpcf7-validates-as-email\" autocomplete=\"email\" aria-invalid=\"false\" placeholder=\"E-mail\" value=\"\" type=\"email\" name=\"your-email\" \/><\/span>\n\t<\/p>\n\t<p><span class=\"wpcf7-form-control-wrap\" data-name=\"your-message\"><textarea cols=\"40\" rows=\"10\" class=\"wpcf7-form-control wpcf7-textarea\" aria-invalid=\"false\" placeholder=\"Mesaj\" name=\"your-message\"><\/textarea><\/span>\n\t<\/p>\n\t<p><input class=\"wpcf7-form-control has-spinner wpcf7-submit\" type=\"submit\" value=\"Trimite\" \/>\n\t<\/p>\n<\/div><div class=\"wpcf7-response-output\" aria-hidden=\"true\"><\/div>\n<\/form>\n<\/div>\n<\/div>\n\t\t\t\t<\/div>\n\t\t\t\t<\/div>\n\t\t\t\t\t\t<\/div>\n\t\t\t\t\t<\/div>\n\t\t<\/div>\n\t\t\t\t\t\t\t\t<\/div>\n\t\t\t\t\t<\/div>\n\t\t<\/section>\n\t\t\t\t\t\t\t\t\t<\/div>\n\t\t\t<\/div>\n\t\t\t\t\t<\/div>\n\t\t","protected":false},"excerpt":{"rendered":"<p>Zilnic o mul\u021bime de oameni pleac\u0103 peste hotare pentru a ob\u021bine studii, a ob\u021bine un job mai bun, a se<\/p>\n","protected":false},"author":1,"featured_media":0,"parent":0,"menu_order":0,"comment_status":"closed","ping_status":"closed","template":"","meta":{"_mi_skip_tracking":false},"aioseo_notices":[],"_links":{"self":[{"href":"https:\/\/linguaexpress.md\/ro\/wp-json\/wp\/v2\/pages\/1998"}],"collection":[{"href":"https:\/\/linguaexpress.md\/ro\/wp-json\/wp\/v2\/pages"}],"about":[{"href":"https:\/\/linguaexpress.md\/ro\/wp-json\/wp\/v2\/types\/page"}],"author":[{"embeddable":true,"href":"https:\/\/linguaexpress.md\/ro\/wp-json\/wp\/v2\/users\/1"}],"replies":[{"embeddable":true,"href":"https:\/\/linguaexpress.md\/ro\/wp-json\/wp\/v2\/comments?post=1998"}],"version-history":[{"count":10,"href":"https:\/\/linguaexpress.md\/ro\/wp-json\/wp\/v2\/pages\/1998\/revisions"}],"predecessor-version":[{"id":2467,"href":"https:\/\/linguaexpress.md\/ro\/wp-json\/wp\/v2\/pages\/1998\/revisions\/2467"}],"wp:attachment":[{"href":"https:\/\/linguaexpress.md\/ro\/wp-json\/wp\/v2\/media?parent=1998"}],"curies":[{"name":"wp","href":"https:\/\/api.w.org\/{rel}","templated":true}]}}