{"id":1991,"date":"2020-06-20T13:24:27","date_gmt":"2020-06-20T13:24:27","guid":{"rendered":"http:\/\/linguaexpress.md\/despre-companie\/"},"modified":"2023-04-01T13:43:18","modified_gmt":"2023-04-01T13:43:18","slug":"despre-companie","status":"publish","type":"page","link":"https:\/\/linguaexpress.md\/ro\/despre-companie\/","title":{"rendered":"Despre companie"},"content":{"rendered":"\t\t<div data-elementor-type=\"wp-page\" data-elementor-id=\"1991\" class=\"elementor elementor-1991 elementor-1261\">\n\t\t\t\t\t\t<div class=\"elementor-inner\">\n\t\t\t\t<div class=\"elementor-section-wrap\">\n\t\t\t\t\t\t\t\t\t<section class=\"wd-negative-gap elementor-section elementor-top-section elementor-element elementor-element-ed89381 elementor-section-boxed elementor-section-height-default elementor-section-height-default wd-section-disabled\" data-id=\"ed89381\" data-element_type=\"section\">\n\t\t\t\t\t\t<div class=\"elementor-container elementor-column-gap-default\">\n\t\t\t\t\t\t\t<div class=\"elementor-row\">\n\t\t\t\t\t<div class=\"elementor-column elementor-col-50 elementor-top-column elementor-element elementor-element-6042fcb\" data-id=\"6042fcb\" data-element_type=\"column\">\n\t\t\t<div class=\"elementor-column-wrap elementor-element-populated\">\n\t\t\t\t\t\t\t<div class=\"elementor-widget-wrap\">\n\t\t\t\t\t\t<div class=\"elementor-element elementor-element-2b18aac elementor-widget elementor-widget-wd_text_block\" data-id=\"2b18aac\" data-element_type=\"widget\" data-widget_type=\"wd_text_block.default\">\n\t\t\t\t<div class=\"elementor-widget-container\">\n\t\t\t\t\t\t<link rel=\"stylesheet\" id=\"wd-text-block-css\" href=\"https:\/\/linguaexpress.md\/wp-content\/themes\/woodmart\/css\/parts\/el-text-block.min.css?ver=7.1.3\" type=\"text\/css\" media=\"all\" \/> \t\t\t\t\t<div class=\"wd-text-block reset-last-child text-left\">\n\t\t\t\n\t\t\t<div id=\"pl-1261\" class=\"panel-layout\"><div id=\"pg-1261-0\" class=\"panel-grid panel-no-style\" data-style=\"{\" data-ratio=\"1\" data-ratio-direction=\"right\"><div id=\"pgc-1261-0-0\" class=\"panel-grid-cell\" data-weight=\"1\"><div id=\"panel-1261-0-0-0\" class=\"so-panel widget widget_text panel-first-child panel-last-child\" data-index=\"0\" data-style=\"{\"><div class=\"flash_inherit_color panel-widget-style panel-widget-style-for-1261-0-0-0\"><div class=\"textwidget\"><h1><b>Biroul de traduceri \u201eLingua Express\u201d<\/b><\/h1><p><span style=\"font-weight: 400;\">Prest\u0103m servicii de traduceri scrise ale documentelor \u0219i textelor pe diferite tematici. De asemenea, efectu\u0103m legalizarea notarial\u0103 a traducerilor \u0219i apostilarea documentelor. Profesionalismul \u0219i receptivitatea colaboratorilor biroului \u201eLingua Express\u201d, politica flexibil\u0103 de pre\u021buri, abordarea individual\u0103 \u0219i solu\u021bionarea celor mai dificile sarcini sunt acele calit\u0103\u021bi, care garanteaz\u0103 clien\u021bilor no\u0219tri o deservire confortabil\u0103 \u0219i un rezultat calitativ.\u00a0<\/span><\/p><p><span style=\"font-weight: 400;\">Traduc\u0103torii companiei lucreaz\u0103 cu texte din domeniul juridic, economic, tehnic \u0219i medical. Nivelul \u0219i calitatea traducerilor efectuate sunt confirmate prin colaborarea noastr\u0103 permanent\u0103 cu \u00eentreprinderile agricole \u0219i industriale mari din regiune, cu organele de stat \u0219i institu\u021biile medicale.<\/span><\/p><p><span style=\"font-weight: 400;\">De asemenea consult\u0103m gratis cet\u0103\u021benii privind preg\u0103tirea diferitor tipuri de documente pentru cet\u0103\u021beni, necesare pentru ob\u021binerea permisului de \u0219edere, a cet\u0103\u021beniei sau \u00eencheierii c\u0103s\u0103toriei. Documentele perfectate cu ajutorul nostru vor corespunde tuturor cerin\u021belor organelor de stat ale Federa\u021biei Ruse, Bulgariei, Rom\u00e2niei, Turciei, Italiei, etc.<\/span><\/p><p><span style=\"font-weight: 400;\">Biroul de traduceri \u201eLingua Express\u201d este o companie verificat\u0103 de timp \u0219i de partenerii no\u0219tri din Comrat \u0219i alte ora\u0219e din sudul Moldovei. Noi suntem partenerul dvs. de \u00eencredere \u00een aceast\u0103 sfer\u0103 de servicii.<\/span><\/p><p>\u00a0<\/p><\/div><\/div><\/div><\/div><\/div><\/div>\n\t\t\t\t\t<\/div>\n\t\t\t\t<\/div>\n\t\t\t\t<\/div>\n\t\t\t\t<div class=\"elementor-element elementor-element-f0a3ba8 elementor-align-center itm-buttonz elementor-widget elementor-widget-button\" data-id=\"f0a3ba8\" data-element_type=\"widget\" data-widget_type=\"button.default\">\n\t\t\t\t<div class=\"elementor-widget-container\">\n\t\t\t\t\t<div class=\"elementor-button-wrapper\">\n\t\t\t<a href=\"tel:+37379773270\" class=\"elementor-button-link elementor-button elementor-size-sm\" role=\"button\">\n\t\t\t\t\t\t<span class=\"elementor-button-content-wrapper\">\n\t\t\t\t\t\t<span class=\"elementor-button-text\">Contacta\u0163i-ne<\/span>\n\t\t<\/span>\n\t\t\t\t\t<\/a>\n\t\t<\/div>\n\t\t\t\t<\/div>\n\t\t\t\t<\/div>\n\t\t\t\t\t\t<\/div>\n\t\t\t\t\t<\/div>\n\t\t<\/div>\n\t\t\t\t<div class=\"elementor-column elementor-col-50 elementor-top-column elementor-element elementor-element-c76329b\" data-id=\"c76329b\" data-element_type=\"column\">\n\t\t\t<div class=\"elementor-column-wrap elementor-element-populated\">\n\t\t\t\t\t\t\t<div class=\"elementor-widget-wrap\">\n\t\t\t\t\t\t<div class=\"elementor-element elementor-element-b77ef2d elementor-widget elementor-widget-wd_image_or_svg\" data-id=\"b77ef2d\" data-element_type=\"widget\" data-widget_type=\"wd_image_or_svg.default\">\n\t\t\t\t<div class=\"elementor-widget-container\">\n\t\t\t\n\t\t<div class=\"wd-image text-left\">\n\t\t\t\t\t\t\t\t<img width=\"1024\" height=\"1024\" src=\"https:\/\/linguaexpress.md\/wp-content\/uploads\/2023\/02\/DeniksD_books_keep_the_world_going_5f26dc6e-519e-4262-905a-b731cdb617a2.png\" class=\"attachment-full size-full wp-image-1518\" alt=\"\" decoding=\"async\" loading=\"lazy\" srcset=\"https:\/\/linguaexpress.md\/wp-content\/uploads\/2023\/02\/DeniksD_books_keep_the_world_going_5f26dc6e-519e-4262-905a-b731cdb617a2.png 1024w, https:\/\/linguaexpress.md\/wp-content\/uploads\/2023\/02\/DeniksD_books_keep_the_world_going_5f26dc6e-519e-4262-905a-b731cdb617a2-300x300.png 300w, https:\/\/linguaexpress.md\/wp-content\/uploads\/2023\/02\/DeniksD_books_keep_the_world_going_5f26dc6e-519e-4262-905a-b731cdb617a2-150x150.png 150w, https:\/\/linguaexpress.md\/wp-content\/uploads\/2023\/02\/DeniksD_books_keep_the_world_going_5f26dc6e-519e-4262-905a-b731cdb617a2-768x768.png 768w\" sizes=\"(max-width: 1024px) 100vw, 1024px\" \/>\t\t\t\t\t<\/div>\n\n\t\t\t\t<\/div>\n\t\t\t\t<\/div>\n\t\t\t\t\t\t<\/div>\n\t\t\t\t\t<\/div>\n\t\t<\/div>\n\t\t\t\t\t\t\t\t<\/div>\n\t\t\t\t\t<\/div>\n\t\t<\/section>\n\t\t\t\t<section class=\"wd-negative-gap elementor-section elementor-top-section elementor-element elementor-element-690edbd elementor-section-boxed elementor-section-height-default elementor-section-height-default wd-section-disabled\" data-id=\"690edbd\" data-element_type=\"section\">\n\t\t\t\t\t\t<div class=\"elementor-container elementor-column-gap-default\">\n\t\t\t\t\t\t\t<div class=\"elementor-row\">\n\t\t\t\t\t<div class=\"elementor-column elementor-col-50 elementor-top-column elementor-element elementor-element-888c26e\" data-id=\"888c26e\" data-element_type=\"column\">\n\t\t\t<div class=\"elementor-column-wrap elementor-element-populated\">\n\t\t\t\t\t\t\t<div class=\"elementor-widget-wrap\">\n\t\t\t\t\t\t<div class=\"elementor-element elementor-element-d6cc8a1 elementor-widget elementor-widget-wd_text_block\" data-id=\"d6cc8a1\" data-element_type=\"widget\" data-widget_type=\"wd_text_block.default\">\n\t\t\t\t<div class=\"elementor-widget-container\">\n\t\t\t\t\t<div class=\"wd-text-block reset-last-child text-left\">\n\t\t\t\n\t\t\t<h2><span style=\"font-weight: 400;\">De ce noi?<\/span><\/h2><p><span style=\"font-weight: 400;\">-Amplasarea comod\u0103 a oficiului, pia\u021ba central\u0103 a ora\u0219ului, parcare mare;<\/span><\/p><p><span style=\"font-weight: 400;\">-Cele mai convenabile pre\u021buri pentru aceste servicii \u00een regiune (avem reduceri personale);<\/span><\/p><p><span style=\"font-weight: 400;\">-Abordare individual\u0103;<\/span><\/p><p><span style=\"font-weight: 400;\">-Respectarea strict\u0103 a confiden\u021bialit\u0103\u021bii;<\/span><\/p><p><span style=\"font-weight: 400;\">-Traduc\u0103tori autoriza\u021bi \u00eenalt califica\u021bi;<\/span><\/p><p><span style=\"font-weight: 400;\">-Traducerea din\/\u00een peste 20 de limbi ale lumii;<\/span><\/p><p><span style=\"font-weight: 400;\">-Legalizarea notarial\u0103 a traducerilor \u0219i documentelor (notarul se afl\u0103 pe acela\u0219i etaj);<\/span><\/p><p><span style=\"font-weight: 400;\">-Apostil\u0103 pe documente \u0219i traduceri;<\/span><\/p><p><span style=\"font-weight: 400;\">-Consultarea gratuit\u0103 \u0219i asisten\u021ba colaboratorilor no\u0219tri \u00een privin\u021ba ob\u021binerii cet\u0103\u021beniei str\u0103ine;<\/span><\/p><p><span style=\"font-weight: 400;\">-Plasarea, primirea \u0219i achitarea comenzii online (dintr-o alt\u0103 localitate sau de peste hotare);<\/span><\/p><p><span style=\"font-weight: 400;\">-Servicii de curierat rapid interna\u021bional DHL;<\/span><\/p><p><span style=\"font-weight: 400;\">-Legalizarea consular\u0103 la reprezentan\u021bele Bulgariei, Turciei, Rom\u00e2niei.<\/span><\/p><p><span style=\"font-weight: 400;\">Profesionalismul \u0219i receptivitatea colaboratorilor biroului \u201eLingua Express\u201d, politica flexibil\u0103 de pre\u021buri, abordarea individual\u0103 \u0219i solu\u021bionarea celor mai dificile sarcini sunt acele calit\u0103\u021bi, care garanteaz\u0103 clien\u021bilor no\u0219tri o deservire confortabil\u0103 \u0219i un rezultat calitativ.\u00a0<\/span><\/p>\n\t\t\t\t\t<\/div>\n\t\t\t\t<\/div>\n\t\t\t\t<\/div>\n\t\t\t\t\t\t<\/div>\n\t\t\t\t\t<\/div>\n\t\t<\/div>\n\t\t\t\t<div class=\"elementor-column elementor-col-50 elementor-top-column elementor-element elementor-element-7d76268\" data-id=\"7d76268\" data-element_type=\"column\">\n\t\t\t<div class=\"elementor-column-wrap elementor-element-populated\">\n\t\t\t\t\t\t\t<div class=\"elementor-widget-wrap\">\n\t\t\t\t\t\t<div class=\"elementor-element elementor-element-0fdc710 elementor-widget elementor-widget-wd_text_block\" data-id=\"0fdc710\" data-element_type=\"widget\" data-widget_type=\"wd_text_block.default\">\n\t\t\t\t<div class=\"elementor-widget-container\">\n\t\t\t\t\t<div class=\"wd-text-block reset-last-child text-left\">\n\t\t\t\n\t\t\t<h2>L\u0103sa\u021bi-ne o cerere.<\/h2>\n\t\t\t\t\t<\/div>\n\t\t\t\t<\/div>\n\t\t\t\t<\/div>\n\t\t\t\t<div class=\"elementor-element elementor-element-fcfb151 elementor-widget elementor-widget-wd_text_block\" data-id=\"fcfb151\" data-element_type=\"widget\" data-widget_type=\"wd_text_block.default\">\n\t\t\t\t<div class=\"elementor-widget-container\">\n\t\t\t\t\t<div class=\"wd-text-block reset-last-child text-left\">\n\t\t\t\n\t\t\t<h4>Managerii no\u0219tri vor lua leg\u0103tura cu dumneavoastr\u0103 \u00een cel mai scurt timp!<\/h4>\n\t\t\t\t\t<\/div>\n\t\t\t\t<\/div>\n\t\t\t\t<\/div>\n\t\t\t\t<div class=\"elementor-element elementor-element-3a0c139 itm-formm elementor-widget elementor-widget-shortcode\" data-id=\"3a0c139\" data-element_type=\"widget\" data-widget_type=\"shortcode.default\">\n\t\t\t\t<div class=\"elementor-widget-container\">\n\t\t\t\t\t<div class=\"elementor-shortcode\">\n<div class=\"wpcf7 no-js\" id=\"wpcf7-f1981-o1\" lang=\"ro-RO\" dir=\"ltr\">\n<div class=\"screen-reader-response\"><p role=\"status\" aria-live=\"polite\" aria-atomic=\"true\"><\/p> <ul><\/ul><\/div>\n<form action=\"\/ro\/wp-json\/wp\/v2\/pages\/1991#wpcf7-f1981-o1\" method=\"post\" class=\"wpcf7-form init\" aria-label=\"Formular de contact\" novalidate=\"novalidate\" data-status=\"init\">\n<div style=\"display: none;\">\n<input type=\"hidden\" name=\"_wpcf7\" value=\"1981\" \/>\n<input type=\"hidden\" name=\"_wpcf7_version\" value=\"5.7.4\" \/>\n<input type=\"hidden\" name=\"_wpcf7_locale\" value=\"ro_RO\" \/>\n<input type=\"hidden\" name=\"_wpcf7_unit_tag\" value=\"wpcf7-f1981-o1\" \/>\n<input type=\"hidden\" name=\"_wpcf7_container_post\" value=\"0\" \/>\n<input type=\"hidden\" name=\"_wpcf7_posted_data_hash\" value=\"\" \/>\n<\/div>\n<div class=\"itm-form\">\n\t<p><span class=\"wpcf7-form-control-wrap\" data-name=\"your-name\"><input size=\"40\" class=\"wpcf7-form-control wpcf7-text\" autocomplete=\"name\" aria-invalid=\"false\" placeholder=\"Nume\" value=\"\" type=\"text\" name=\"your-name\" \/><\/span>\n\t<\/p>\n\t<p><span class=\"wpcf7-form-control-wrap\" data-name=\"tel-248\"><input size=\"40\" class=\"wpcf7-form-control wpcf7-text wpcf7-tel wpcf7-validates-as-required wpcf7-validates-as-tel\" aria-required=\"true\" aria-invalid=\"false\" placeholder=\"Telefon\" value=\"\" type=\"tel\" name=\"tel-248\" \/><\/span>\n\t<\/p>\n\t<p><span class=\"wpcf7-form-control-wrap\" data-name=\"your-email\"><input size=\"40\" class=\"wpcf7-form-control wpcf7-text wpcf7-email wpcf7-validates-as-email\" autocomplete=\"email\" aria-invalid=\"false\" placeholder=\"E-mail\" value=\"\" type=\"email\" name=\"your-email\" \/><\/span>\n\t<\/p>\n\t<p><span class=\"wpcf7-form-control-wrap\" data-name=\"your-message\"><textarea cols=\"40\" rows=\"10\" class=\"wpcf7-form-control wpcf7-textarea\" aria-invalid=\"false\" placeholder=\"Mesaj\" name=\"your-message\"><\/textarea><\/span>\n\t<\/p>\n\t<p><input class=\"wpcf7-form-control has-spinner wpcf7-submit\" type=\"submit\" value=\"Trimite\" \/>\n\t<\/p>\n<\/div><div class=\"wpcf7-response-output\" aria-hidden=\"true\"><\/div>\n<\/form>\n<\/div>\n<\/div>\n\t\t\t\t<\/div>\n\t\t\t\t<\/div>\n\t\t\t\t\t\t<\/div>\n\t\t\t\t\t<\/div>\n\t\t<\/div>\n\t\t\t\t\t\t\t\t<\/div>\n\t\t\t\t\t<\/div>\n\t\t<\/section>\n\t\t\t\t\t\t\t\t\t<\/div>\n\t\t\t<\/div>\n\t\t\t\t\t<\/div>\n\t\t","protected":false},"excerpt":{"rendered":"<p>Biroul de traduceri \u201eLingua Express\u201d Prest\u0103m servicii de traduceri scrise ale documentelor \u0219i textelor pe diferite tematici. De asemenea, efectu\u0103m<\/p>\n","protected":false},"author":1,"featured_media":0,"parent":0,"menu_order":0,"comment_status":"closed","ping_status":"closed","template":"","meta":{"_mi_skip_tracking":false},"aioseo_notices":[],"_links":{"self":[{"href":"https:\/\/linguaexpress.md\/ro\/wp-json\/wp\/v2\/pages\/1991"}],"collection":[{"href":"https:\/\/linguaexpress.md\/ro\/wp-json\/wp\/v2\/pages"}],"about":[{"href":"https:\/\/linguaexpress.md\/ro\/wp-json\/wp\/v2\/types\/page"}],"author":[{"embeddable":true,"href":"https:\/\/linguaexpress.md\/ro\/wp-json\/wp\/v2\/users\/1"}],"replies":[{"embeddable":true,"href":"https:\/\/linguaexpress.md\/ro\/wp-json\/wp\/v2\/comments?post=1991"}],"version-history":[{"count":7,"href":"https:\/\/linguaexpress.md\/ro\/wp-json\/wp\/v2\/pages\/1991\/revisions"}],"predecessor-version":[{"id":2109,"href":"https:\/\/linguaexpress.md\/ro\/wp-json\/wp\/v2\/pages\/1991\/revisions\/2109"}],"wp:attachment":[{"href":"https:\/\/linguaexpress.md\/ro\/wp-json\/wp\/v2\/media?parent=1991"}],"curies":[{"name":"wp","href":"https:\/\/api.w.org\/{rel}","templated":true}]}}